{"id":52616,"date":"2025-01-20T07:18:38","date_gmt":"2025-01-20T07:18:38","guid":{"rendered":"https:\/\/murter.riot.hr\/?post_type=product&#038;p=52616"},"modified":"2025-12-31T10:14:17","modified_gmt":"2025-12-31T09:14:17","slug":"apartament-murter-podraduc-a4-id-320","status":"publish","type":"product","link":"https:\/\/murter-online.com\/pl\/produkt\/apartament-murter-podraduc-a4-id-320\/","title":{"rendered":"Apartament wakacyjny z widokiem na morze Podradu\u010d Murter A4 ID 320"},"content":{"rendered":"","protected":false},"excerpt":{"rendered":"<p id=\"tw-target-text\" class=\"tw-data-text tw-text-large tw-ta\" dir=\"ltr\" tabindex=\"-1\" role=\"text\" data-placeholder=\"Prijevod\" data-ved=\"2ahUKEwiO-u-lueeRAxU64wIHHUf-EdQQ3ewLegQIDBAW\" aria-label=\"Prevedeni tekst: Rodzinny apartament z dwiema sypialniami, po\u0142o\u017cony w najbardziej atrakcyjnej lokalizacji nad morzem w Murter - przy ulicy Podradu\u010d. Je\u015bli szukasz noclegu blisko morza z przepi\u0119knym widokiem w spokojnej okolicy, to jest to oferta dla Ciebie. Apartament posiada dwie sypialnie, w kt\u00f3rych mog\u0105 spa\u0107 4 osoby oraz jedno dodatkowe \u0142\u00f3\u017cko (sofa) w salonie, kt\u00f3re mo\u017ce s\u0142u\u017cy\u0107 do spania. Kuchnia w pe\u0142ni wyposa\u017cona z du\u017c\u0105 lod\u00f3wk\u0105. Apartament po\u0142o\u017cony jest 70 metr\u00f3w od \u0142adnej i czystej kamienistej pla\u017cy. Posiada du\u017cy taras z widokiem na morze. Przed domem znajduje si\u0119 bezp\u0142atne miejsce parkingowe. Internet Wi-Fi, klimatyzacja, po\u015bciel, r\u0119cznik i sprz\u0105tanie ko\u0144cowe s\u0105 wliczone w cen\u0119. Jest otwarty grill, z kt\u00f3rego mo\u017cna korzysta\u0107 bezp\u0142atnie.\"><span class=\"Y2IQFc\" lang=\"pl\">Rodzinny apartament z dwiema sypialniami, po\u0142o\u017cony w najbardziej atrakcyjnej lokalizacji nad morzem w Murter &#8211; przy ulicy Podradu\u010d. Je\u015bli szukasz noclegu blisko morza z przepi\u0119knym widokiem w spokojnej okolicy, to jest to oferta dla Ciebie. Apartament posiada dwie sypialnie, w kt\u00f3rych mog\u0105 spa\u0107 4 osoby oraz jedno dodatkowe \u0142\u00f3\u017cko (sofa) w salonie, kt\u00f3re mo\u017ce s\u0142u\u017cy\u0107 do spania. Kuchnia w pe\u0142ni wyposa\u017cona z du\u017c\u0105 lod\u00f3wk\u0105. Apartament po\u0142o\u017cony jest 70 metr\u00f3w od \u0142adnej i czystej kamienistej pla\u017cy. Posiada du\u017cy taras z widokiem na morze. Przed domem znajduje si\u0119 bezp\u0142atne miejsce parkingowe. Internet Wi-Fi, klimatyzacja, po\u015bciel, r\u0119cznik i sprz\u0105tanie ko\u0144cowe s\u0105 wliczone w cen\u0119. Jest otwarty grill, z kt\u00f3rego mo\u017cna korzysta\u0107 bezp\u0142atnie.<\/span><\/p>\n","protected":false},"featured_media":59783,"template":"","meta":{"_acf_changed":false},"product_brand":[],"product_cat":[153,131,151],"product_tag":[],"class_list":{"0":"post-52616","1":"product","2":"type-product","3":"status-publish","4":"has-post-thumbnail","6":"product_cat-apartamenty-dla-rodzin","7":"product_cat-apartamenty","8":"product_cat-apartamenty-z-widokiem-na-morze","10":"first","11":"instock","12":"sold-individually","13":"shipping-taxable","14":"purchasable","15":"product-type-phive_booking"},"acf":[],"_links":{"self":[{"href":"https:\/\/murter-online.com\/pl\/wp-json\/wp\/v2\/product\/52616","targetHints":{"allow":["GET"]}}],"collection":[{"href":"https:\/\/murter-online.com\/pl\/wp-json\/wp\/v2\/product"}],"about":[{"href":"https:\/\/murter-online.com\/pl\/wp-json\/wp\/v2\/types\/product"}],"wp:featuredmedia":[{"embeddable":true,"href":"https:\/\/murter-online.com\/pl\/wp-json\/wp\/v2\/media\/59783"}],"wp:attachment":[{"href":"https:\/\/murter-online.com\/pl\/wp-json\/wp\/v2\/media?parent=52616"}],"wp:term":[{"taxonomy":"product_brand","embeddable":true,"href":"https:\/\/murter-online.com\/pl\/wp-json\/wp\/v2\/product_brand?post=52616"},{"taxonomy":"product_cat","embeddable":true,"href":"https:\/\/murter-online.com\/pl\/wp-json\/wp\/v2\/product_cat?post=52616"},{"taxonomy":"product_tag","embeddable":true,"href":"https:\/\/murter-online.com\/pl\/wp-json\/wp\/v2\/product_tag?post=52616"}],"curies":[{"name":"wp","href":"https:\/\/api.w.org\/{rel}","templated":true}]}}