{"id":52640,"date":"2025-01-08T19:39:31","date_gmt":"2025-01-08T19:39:31","guid":{"rendered":"https:\/\/murter.riot.hr\/?post_type=product&#038;p=52640"},"modified":"2025-04-25T10:30:08","modified_gmt":"2025-04-25T09:30:08","slug":"zakwaterowanie-w-apartamencie-w-murter-1-a4-id-230","status":"publish","type":"product","link":"https:\/\/murter-online.com\/pl\/produkt\/zakwaterowanie-w-apartamencie-w-murter-1-a4-id-230\/","title":{"rendered":"Apartament wakacyjny &#8211; noclegi w Murter 1 A4 ID 230"},"content":{"rendered":"","protected":false},"excerpt":{"rendered":"<p>Apartament dla czterech os\u00f3b po\u0142o\u017cony na parterze i sk\u0142ada si\u0119 z dw\u00f3ch sypialni (jedno \u0142\u00f3\u017cko ma\u0142\u017ce\u0144skie i dwa \u0142\u00f3\u017cka pojedyncze (wymiar 200&#215;90), kuchni, \u0142azienki oraz du\u017cego tarasu (18m2).Mieszkanie wyposa\u017cone jest w TV i klimatyzacj\u0119, wi-fi , piekarnik i kuchenka mikrofalowa oraz lod\u00f3wka z zamra\u017cark\u0105. Przed apartamentem znajduje si\u0119 grill na \u015bwie\u017cym powietrzu, z kt\u00f3rego go\u015bcie mog\u0105 korzysta\u0107 w dowolnym momencie. Parking jest dost\u0119pny i znajduje si\u0119 na podw\u00f3rku.<\/p>\n","protected":false},"featured_media":36661,"template":"","meta":{"_acf_changed":false},"product_brand":[],"product_cat":[153,131],"product_tag":[],"class_list":{"0":"post-52640","1":"product","2":"type-product","3":"status-publish","4":"has-post-thumbnail","6":"product_cat-apartamenty-dla-rodzin","7":"product_cat-apartamenty","9":"first","10":"instock","11":"sold-individually","12":"shipping-taxable","13":"purchasable","14":"product-type-phive_booking"},"acf":[],"_links":{"self":[{"href":"https:\/\/murter-online.com\/pl\/wp-json\/wp\/v2\/product\/52640","targetHints":{"allow":["GET"]}}],"collection":[{"href":"https:\/\/murter-online.com\/pl\/wp-json\/wp\/v2\/product"}],"about":[{"href":"https:\/\/murter-online.com\/pl\/wp-json\/wp\/v2\/types\/product"}],"wp:featuredmedia":[{"embeddable":true,"href":"https:\/\/murter-online.com\/pl\/wp-json\/wp\/v2\/media\/36661"}],"wp:attachment":[{"href":"https:\/\/murter-online.com\/pl\/wp-json\/wp\/v2\/media?parent=52640"}],"wp:term":[{"taxonomy":"product_brand","embeddable":true,"href":"https:\/\/murter-online.com\/pl\/wp-json\/wp\/v2\/product_brand?post=52640"},{"taxonomy":"product_cat","embeddable":true,"href":"https:\/\/murter-online.com\/pl\/wp-json\/wp\/v2\/product_cat?post=52640"},{"taxonomy":"product_tag","embeddable":true,"href":"https:\/\/murter-online.com\/pl\/wp-json\/wp\/v2\/product_tag?post=52640"}],"curies":[{"name":"wp","href":"https:\/\/api.w.org\/{rel}","templated":true}]}}