{"id":52649,"date":"2025-01-08T19:41:36","date_gmt":"2025-01-08T19:41:36","guid":{"rendered":"https:\/\/murter.riot.hr\/?post_type=product&#038;p=52649"},"modified":"2025-04-25T10:34:27","modified_gmt":"2025-04-25T09:34:27","slug":"zakwaterowanie-w-apartamencie-w-murter-7-a4-id-236","status":"publish","type":"product","link":"https:\/\/murter-online.com\/pl\/produkt\/zakwaterowanie-w-apartamencie-w-murter-7-a4-id-236\/","title":{"rendered":"Apartament wakacyjny &#8211; noclegi w Murter 7 A4 ID 236"},"content":{"rendered":"","protected":false},"excerpt":{"rendered":"<p>Apartament dla czterech os\u00f3b znajduje si\u0119 na pierwszym pi\u0119trze i sk\u0142ada si\u0119 z dw\u00f3ch sypialni &#8211; jedno podw\u00f3jne \u0142\u00f3\u017cko i dwa pojedyncze \u0142\u00f3\u017cka (wymiary 200&#215;90), kuchni, \u0142azienki oraz du\u017cego tarasu (15m2). Mieszkanie jest wyposa\u017cone w TV i klimatyzacj\u0119, wi-fi, mikrofal\u00f3wk\u0119 i lod\u00f3wk\u0119 z zamra\u017cark\u0105. Przed apartamentem mamy grill na \u015bwie\u017cym powietrzu, z kt\u00f3rego go\u015bcie mog\u0105 korzysta\u0107 w dowolnym momencie. Parking jest zapewniony i znajduje si\u0119 na podw\u00f3rku. Apartament znajduje si\u0119 w pobli\u017cu lokalnej pla\u017cy Luke i piaszczystej pla\u017cy Podvr\u0161ke.<\/p>\n","protected":false},"featured_media":36701,"template":"","meta":{"_acf_changed":false},"product_brand":[],"product_cat":[153,131],"product_tag":[],"class_list":{"0":"post-52649","1":"product","2":"type-product","3":"status-publish","4":"has-post-thumbnail","6":"product_cat-apartamenty-dla-rodzin","7":"product_cat-apartamenty","9":"first","10":"instock","11":"sold-individually","12":"shipping-taxable","13":"purchasable","14":"product-type-phive_booking"},"acf":[],"_links":{"self":[{"href":"https:\/\/murter-online.com\/pl\/wp-json\/wp\/v2\/product\/52649","targetHints":{"allow":["GET"]}}],"collection":[{"href":"https:\/\/murter-online.com\/pl\/wp-json\/wp\/v2\/product"}],"about":[{"href":"https:\/\/murter-online.com\/pl\/wp-json\/wp\/v2\/types\/product"}],"wp:featuredmedia":[{"embeddable":true,"href":"https:\/\/murter-online.com\/pl\/wp-json\/wp\/v2\/media\/36701"}],"wp:attachment":[{"href":"https:\/\/murter-online.com\/pl\/wp-json\/wp\/v2\/media?parent=52649"}],"wp:term":[{"taxonomy":"product_brand","embeddable":true,"href":"https:\/\/murter-online.com\/pl\/wp-json\/wp\/v2\/product_brand?post=52649"},{"taxonomy":"product_cat","embeddable":true,"href":"https:\/\/murter-online.com\/pl\/wp-json\/wp\/v2\/product_cat?post=52649"},{"taxonomy":"product_tag","embeddable":true,"href":"https:\/\/murter-online.com\/pl\/wp-json\/wp\/v2\/product_tag?post=52649"}],"curies":[{"name":"wp","href":"https:\/\/api.w.org\/{rel}","templated":true}]}}