{"id":52653,"date":"2025-01-08T20:28:54","date_gmt":"2025-01-08T20:28:54","guid":{"rendered":"https:\/\/murter.riot.hr\/?post_type=product&#038;p=52653"},"modified":"2025-01-28T09:22:34","modified_gmt":"2025-01-28T09:22:34","slug":"zakwaterowanie-w-apartamencie-w-murter-8-a4-id-237","status":"publish","type":"product","link":"https:\/\/murter-online.com\/pl\/produkt\/zakwaterowanie-w-apartamencie-w-murter-8-a4-id-237\/","title":{"rendered":"Zakwaterowanie w apartamencie w Murter 8 A4 ID 237"},"content":{"rendered":"","protected":false},"excerpt":{"rendered":"<p>Apartament czteroosobowy znajduje si\u0119 na pierwszym pi\u0119trze i sk\u0142ada si\u0119 z dw\u00f3ch sypialni (jedno podw\u00f3jne \u0142\u00f3\u017cko i dwa pojedyncze \u0142\u00f3\u017cka (wymiary 200&#215;90), kuchni, \u0142azienki oraz du\u017cego tarasu (15m2). , mikrofal\u00f3wka i lod\u00f3wka z zamra\u017cark\u0105.Przed apartamentem mamy grill na \u015bwie\u017cym powietrzu, z kt\u00f3rego go\u015bcie mog\u0105 korzysta\u0107 w ka\u017cdej chwili.Parking jest zapewniony i znajduje si\u0119 na podw\u00f3rku.Apartament znajduje si\u0119 w pobli\u017cu lokalnej pla\u017cy Luke i piaszczystej pla\u017cy Podvr\u0161ke.<\/p>\n","protected":false},"featured_media":36797,"template":"","meta":{"_acf_changed":false},"product_brand":[],"product_cat":[153,131],"product_tag":[],"class_list":{"0":"post-52653","1":"product","2":"type-product","3":"status-publish","4":"has-post-thumbnail","6":"product_cat-apartamenty-dla-rodzin","7":"product_cat-apartamenty","9":"first","10":"instock","11":"sold-individually","12":"shipping-taxable","13":"purchasable","14":"product-type-phive_booking"},"acf":[],"_links":{"self":[{"href":"https:\/\/murter-online.com\/pl\/wp-json\/wp\/v2\/product\/52653","targetHints":{"allow":["GET"]}}],"collection":[{"href":"https:\/\/murter-online.com\/pl\/wp-json\/wp\/v2\/product"}],"about":[{"href":"https:\/\/murter-online.com\/pl\/wp-json\/wp\/v2\/types\/product"}],"wp:featuredmedia":[{"embeddable":true,"href":"https:\/\/murter-online.com\/pl\/wp-json\/wp\/v2\/media\/36797"}],"wp:attachment":[{"href":"https:\/\/murter-online.com\/pl\/wp-json\/wp\/v2\/media?parent=52653"}],"wp:term":[{"taxonomy":"product_brand","embeddable":true,"href":"https:\/\/murter-online.com\/pl\/wp-json\/wp\/v2\/product_brand?post=52653"},{"taxonomy":"product_cat","embeddable":true,"href":"https:\/\/murter-online.com\/pl\/wp-json\/wp\/v2\/product_cat?post=52653"},{"taxonomy":"product_tag","embeddable":true,"href":"https:\/\/murter-online.com\/pl\/wp-json\/wp\/v2\/product_tag?post=52653"}],"curies":[{"name":"wp","href":"https:\/\/api.w.org\/{rel}","templated":true}]}}