{"id":52659,"date":"2025-01-08T20:32:44","date_gmt":"2025-01-08T20:32:44","guid":{"rendered":"https:\/\/murter.riot.hr\/?post_type=product&#038;p=52659"},"modified":"2025-04-12T07:40:34","modified_gmt":"2025-04-12T06:40:34","slug":"dom-adelaide-apartment-podraduc-murter-a41-id-15","status":"publish","type":"product","link":"https:\/\/murter-online.com\/pl\/produkt\/dom-adelaide-apartment-podraduc-murter-a41-id-15\/","title":{"rendered":"Apartament wakacyjny nad morzem Adelaide Podradu\u010d Murter A4+1 ID 15"},"content":{"rendered":"","protected":false},"excerpt":{"rendered":"<p>Apartament z pi\u0119knym widokiem na morze znajduje si\u0119 w doskona\u0142ej lokalizacji, zaledwie 30 m. daleko od morza. Apartament wyposa\u017cony jest w telewizor, klimatyzacj\u0119, odbiornik satelitarny. W apartamencie znajduje si\u0119 \u0142azienka z prysznicem. Jest salon, w kt\u00f3rym mo\u017cna spa\u0107. Powierzchnia mieszkalna wynosi 50 m2. a balkon \/ taras ma powierzchni\u0119 12 m2. W apartamencie mo\u017ce spa\u0107 5 os\u00f3b na g\u0142\u00f3wnych \u0142\u00f3\u017ckach i 1 osoba na rozk\u0142adanej sofie w salonie. Mieszkanie znajduje si\u0119 na drugim pi\u0119trze. Zwierz\u0119ta &#8211; niedozwolone. Mieszkanie ma w\u0142asny bezp\u0142atny parking. Mieszkanie znajduje si\u0119 2000 metr\u00f3w od centrum i oko\u0142o 50 metr\u00f3w od morza lub pierwszej pla\u017cy w Murter.<\/p>\n","protected":false},"featured_media":36837,"template":"","meta":{"_acf_changed":false},"product_brand":[],"product_cat":[153,131,151],"product_tag":[],"class_list":{"0":"post-52659","1":"product","2":"type-product","3":"status-publish","4":"has-post-thumbnail","6":"product_cat-apartamenty-dla-rodzin","7":"product_cat-apartamenty","8":"product_cat-apartamenty-z-widokiem-na-morze","10":"first","11":"instock","12":"sold-individually","13":"shipping-taxable","14":"purchasable","15":"product-type-phive_booking"},"acf":[],"_links":{"self":[{"href":"https:\/\/murter-online.com\/pl\/wp-json\/wp\/v2\/product\/52659","targetHints":{"allow":["GET"]}}],"collection":[{"href":"https:\/\/murter-online.com\/pl\/wp-json\/wp\/v2\/product"}],"about":[{"href":"https:\/\/murter-online.com\/pl\/wp-json\/wp\/v2\/types\/product"}],"wp:featuredmedia":[{"embeddable":true,"href":"https:\/\/murter-online.com\/pl\/wp-json\/wp\/v2\/media\/36837"}],"wp:attachment":[{"href":"https:\/\/murter-online.com\/pl\/wp-json\/wp\/v2\/media?parent=52659"}],"wp:term":[{"taxonomy":"product_brand","embeddable":true,"href":"https:\/\/murter-online.com\/pl\/wp-json\/wp\/v2\/product_brand?post=52659"},{"taxonomy":"product_cat","embeddable":true,"href":"https:\/\/murter-online.com\/pl\/wp-json\/wp\/v2\/product_cat?post=52659"},{"taxonomy":"product_tag","embeddable":true,"href":"https:\/\/murter-online.com\/pl\/wp-json\/wp\/v2\/product_tag?post=52659"}],"curies":[{"name":"wp","href":"https:\/\/api.w.org\/{rel}","templated":true}]}}