{"id":52663,"date":"2025-01-08T21:33:21","date_gmt":"2025-01-08T21:33:21","guid":{"rendered":"https:\/\/murter.riot.hr\/?post_type=product&#038;p=52663"},"modified":"2025-04-25T10:52:54","modified_gmt":"2025-04-25T09:52:54","slug":"apartament-plaza-podvrske-murter-2-a4-id-31","status":"publish","type":"product","link":"https:\/\/murter-online.com\/pl\/produkt\/apartament-plaza-podvrske-murter-2-a4-id-31\/","title":{"rendered":"Apartament dla 4 os\u00f3b Pla\u017ca Podvr\u0161ke Murter 2 A4 ID 31"},"content":{"rendered":"","protected":false},"excerpt":{"rendered":"<p>Apartament znajduje si\u0119 tylko w doskona\u0142ej lokalizacji 300m. od morza. Apartament wyposa\u017cony jest w tv, bezp\u0142atny klimatyzacja. Apartament posiada \u0142azienk\u0119 z prysznicem. Jest pok\u00f3j dzienny. Powierzchnia mieszkalna ma 65 m2. a balkon \/ taras ma 10 m2. W apartamencie mo\u017ce spa\u0107 4 os\u00f3b na g\u0142\u00f3wnych \u0142\u00f3\u017ckach Apartament znajduje si\u0119 na pierwszym pi\u0119trze. Zwierz\u0119ta domowe &#8211; niedozwolone. apartament ma sw\u00f3j w\u0142asny bezp\u0142atny parking.<\/p>\n","protected":false},"featured_media":36929,"template":"","meta":{"_acf_changed":false},"product_brand":[],"product_cat":[153,131],"product_tag":[],"class_list":{"0":"post-52663","1":"product","2":"type-product","3":"status-publish","4":"has-post-thumbnail","6":"product_cat-apartamenty-dla-rodzin","7":"product_cat-apartamenty","9":"first","10":"instock","11":"sold-individually","12":"shipping-taxable","13":"purchasable","14":"product-type-phive_booking"},"acf":[],"_links":{"self":[{"href":"https:\/\/murter-online.com\/pl\/wp-json\/wp\/v2\/product\/52663","targetHints":{"allow":["GET"]}}],"collection":[{"href":"https:\/\/murter-online.com\/pl\/wp-json\/wp\/v2\/product"}],"about":[{"href":"https:\/\/murter-online.com\/pl\/wp-json\/wp\/v2\/types\/product"}],"wp:featuredmedia":[{"embeddable":true,"href":"https:\/\/murter-online.com\/pl\/wp-json\/wp\/v2\/media\/36929"}],"wp:attachment":[{"href":"https:\/\/murter-online.com\/pl\/wp-json\/wp\/v2\/media?parent=52663"}],"wp:term":[{"taxonomy":"product_brand","embeddable":true,"href":"https:\/\/murter-online.com\/pl\/wp-json\/wp\/v2\/product_brand?post=52663"},{"taxonomy":"product_cat","embeddable":true,"href":"https:\/\/murter-online.com\/pl\/wp-json\/wp\/v2\/product_cat?post=52663"},{"taxonomy":"product_tag","embeddable":true,"href":"https:\/\/murter-online.com\/pl\/wp-json\/wp\/v2\/product_tag?post=52663"}],"curies":[{"name":"wp","href":"https:\/\/api.w.org\/{rel}","templated":true}]}}