{"id":52668,"date":"2025-01-08T21:38:51","date_gmt":"2025-01-08T21:38:51","guid":{"rendered":"https:\/\/murter.riot.hr\/?post_type=product&#038;p=52668"},"modified":"2026-03-06T21:41:55","modified_gmt":"2026-03-06T20:41:55","slug":"apartament-charming-central-luke-beach-a41","status":"publish","type":"product","link":"https:\/\/murter-online.com\/pl\/produkt\/apartament-charming-central-luke-beach-a41\/","title":{"rendered":"Apartament wakacyjny dla rodziny blisko pla\u017cy Luke Charming Central Murter A4+1"},"content":{"rendered":"","protected":false},"excerpt":{"rendered":"<p>Pi\u0119kny apartament z dwiema sypialniami, w kt\u00f3rym mog\u0105 spa\u0107 4 osoby doros\u0142e. W apartamencie znajduje si\u0119 salon z sof\u0105, kt\u00f3ra mo\u017ce s\u0142u\u017cy\u0107 jako dodatkowe \u0142\u00f3\u017cko dla jednej osoby. Mieszkanie znajduje si\u0119 w doskona\u0142ej lokalizacji, 150 metr\u00f3w od pla\u017cy \u0141ukasza i 600 metr\u00f3w od centrum Murteru. Mieszkanie posiada klimatyzacj\u0119, WiFi, pralk\u0119 i zmywark\u0119, kuchnia jest w pe\u0142ni wyposa\u017cona. Przed apartamentem znajduje si\u0119 bezp\u0142atne miejsce parkingowe dla samochodu.<\/p>\n","protected":false},"featured_media":37441,"template":"","meta":{"_acf_changed":false},"product_brand":[],"product_cat":[153,131],"product_tag":[],"class_list":{"0":"post-52668","1":"product","2":"type-product","3":"status-publish","4":"has-post-thumbnail","6":"product_cat-apartamenty-dla-rodzin","7":"product_cat-apartamenty","9":"first","10":"instock","11":"sold-individually","12":"shipping-taxable","13":"purchasable","14":"product-type-phive_booking"},"acf":[],"_links":{"self":[{"href":"https:\/\/murter-online.com\/pl\/wp-json\/wp\/v2\/product\/52668","targetHints":{"allow":["GET"]}}],"collection":[{"href":"https:\/\/murter-online.com\/pl\/wp-json\/wp\/v2\/product"}],"about":[{"href":"https:\/\/murter-online.com\/pl\/wp-json\/wp\/v2\/types\/product"}],"wp:featuredmedia":[{"embeddable":true,"href":"https:\/\/murter-online.com\/pl\/wp-json\/wp\/v2\/media\/37441"}],"wp:attachment":[{"href":"https:\/\/murter-online.com\/pl\/wp-json\/wp\/v2\/media?parent=52668"}],"wp:term":[{"taxonomy":"product_brand","embeddable":true,"href":"https:\/\/murter-online.com\/pl\/wp-json\/wp\/v2\/product_brand?post=52668"},{"taxonomy":"product_cat","embeddable":true,"href":"https:\/\/murter-online.com\/pl\/wp-json\/wp\/v2\/product_cat?post=52668"},{"taxonomy":"product_tag","embeddable":true,"href":"https:\/\/murter-online.com\/pl\/wp-json\/wp\/v2\/product_tag?post=52668"}],"curies":[{"name":"wp","href":"https:\/\/api.w.org\/{rel}","templated":true}]}}