{"id":52684,"date":"2025-01-09T19:24:15","date_gmt":"2025-01-09T19:24:15","guid":{"rendered":"https:\/\/murter.riot.hr\/?post_type=product&#038;p=52684"},"modified":"2025-04-12T12:05:51","modified_gmt":"2025-04-12T11:05:51","slug":"apartament-cigrada-murter-4-a4-2-id-243","status":"publish","type":"product","link":"https:\/\/murter-online.com\/pl\/produkt\/apartament-cigrada-murter-4-a4-2-id-243\/","title":{"rendered":"Apartament wakacyjny blisko pla\u017cy \u010cigra\u0111a wyspa Murter 4 A4 + 2 ID 243"},"content":{"rendered":"","protected":false},"excerpt":{"rendered":"<p>Dwupokojowe mieszkanie z widokiem na morze! Mieszkanie znajduje si\u0119 w pobli\u017cu pla\u017cy \u010cigra\u0111a. Mieszkanie ma dwie sypialnie. W mieszkaniu znajduje si\u0119 salon, kt\u00f3ry mo\u017cna wykorzysta\u0107 do spania. Apartament mo\u017ce pomie\u015bci\u0107 maksymalnie 6 os\u00f3b doros\u0142ych. Kuchnia w pe\u0142ni wyposa\u017cona. Mieszkanie posiada klimatyzacj\u0119 oraz WiFi &#8211; internet. Parking jest bezp\u0142atny i strze\u017cony przed apartamentem na podw\u00f3rku. Jest grill na \u015bwie\u017cym powietrzu, z kt\u00f3rego mo\u017cna korzysta\u0107.<\/p>\n","protected":false},"featured_media":40397,"template":"","meta":{"_acf_changed":false},"product_brand":[],"product_cat":[153,131,151],"product_tag":[],"class_list":{"0":"post-52684","1":"product","2":"type-product","3":"status-publish","4":"has-post-thumbnail","6":"product_cat-apartamenty-dla-rodzin","7":"product_cat-apartamenty","8":"product_cat-apartamenty-z-widokiem-na-morze","10":"first","11":"instock","12":"sold-individually","13":"shipping-taxable","14":"purchasable","15":"product-type-phive_booking"},"acf":[],"_links":{"self":[{"href":"https:\/\/murter-online.com\/pl\/wp-json\/wp\/v2\/product\/52684","targetHints":{"allow":["GET"]}}],"collection":[{"href":"https:\/\/murter-online.com\/pl\/wp-json\/wp\/v2\/product"}],"about":[{"href":"https:\/\/murter-online.com\/pl\/wp-json\/wp\/v2\/types\/product"}],"wp:featuredmedia":[{"embeddable":true,"href":"https:\/\/murter-online.com\/pl\/wp-json\/wp\/v2\/media\/40397"}],"wp:attachment":[{"href":"https:\/\/murter-online.com\/pl\/wp-json\/wp\/v2\/media?parent=52684"}],"wp:term":[{"taxonomy":"product_brand","embeddable":true,"href":"https:\/\/murter-online.com\/pl\/wp-json\/wp\/v2\/product_brand?post=52684"},{"taxonomy":"product_cat","embeddable":true,"href":"https:\/\/murter-online.com\/pl\/wp-json\/wp\/v2\/product_cat?post=52684"},{"taxonomy":"product_tag","embeddable":true,"href":"https:\/\/murter-online.com\/pl\/wp-json\/wp\/v2\/product_tag?post=52684"}],"curies":[{"name":"wp","href":"https:\/\/api.w.org\/{rel}","templated":true}]}}