{"id":52688,"date":"2025-01-09T19:29:40","date_gmt":"2025-01-09T19:29:40","guid":{"rendered":"https:\/\/murter.riot.hr\/?post_type=product&#038;p=52688"},"modified":"2025-01-28T10:11:51","modified_gmt":"2025-01-28T10:11:51","slug":"apartament-cigrada-murter-5-a4-2-id-244","status":"publish","type":"product","link":"https:\/\/murter-online.com\/pl\/produkt\/apartament-cigrada-murter-5-a4-2-id-244\/","title":{"rendered":"Apartament \u010cigra\u0111a Murter 5 A4 + 2 ID 244"},"content":{"rendered":"","protected":false},"excerpt":{"rendered":"<p>Dwupokojowe mieszkanie z tarasem! Mieszkanie znajduje si\u0119 w pobli\u017cu pla\u017cy \u010cigra\u0111a. Mieszkanie ma dwie sypialnie. W mieszkaniu znajduje si\u0119 salon, kt\u00f3ry mo\u017cna wykorzysta\u0107 do spania. Apartament mo\u017ce pomie\u015bci\u0107 maksymalnie 6 os\u00f3b doros\u0142ych. Kuchnia w pe\u0142ni wyposa\u017cona. Mieszkanie posiada klimatyzacj\u0119 oraz WiFi &#8211; internet. Parking jest bezp\u0142atny i strze\u017cony przed apartamentem na podw\u00f3rku. Jest grill na \u015bwie\u017cym powietrzu, z kt\u00f3rego mo\u017cna korzysta\u0107.<\/p>\n","protected":false},"featured_media":40516,"template":"","meta":{"_acf_changed":false},"product_brand":[],"product_cat":[153,131],"product_tag":[],"class_list":{"0":"post-52688","1":"product","2":"type-product","3":"status-publish","4":"has-post-thumbnail","6":"product_cat-apartamenty-dla-rodzin","7":"product_cat-apartamenty","9":"first","10":"instock","11":"sold-individually","12":"shipping-taxable","13":"purchasable","14":"product-type-phive_booking"},"acf":[],"_links":{"self":[{"href":"https:\/\/murter-online.com\/pl\/wp-json\/wp\/v2\/product\/52688","targetHints":{"allow":["GET"]}}],"collection":[{"href":"https:\/\/murter-online.com\/pl\/wp-json\/wp\/v2\/product"}],"about":[{"href":"https:\/\/murter-online.com\/pl\/wp-json\/wp\/v2\/types\/product"}],"wp:featuredmedia":[{"embeddable":true,"href":"https:\/\/murter-online.com\/pl\/wp-json\/wp\/v2\/media\/40516"}],"wp:attachment":[{"href":"https:\/\/murter-online.com\/pl\/wp-json\/wp\/v2\/media?parent=52688"}],"wp:term":[{"taxonomy":"product_brand","embeddable":true,"href":"https:\/\/murter-online.com\/pl\/wp-json\/wp\/v2\/product_brand?post=52688"},{"taxonomy":"product_cat","embeddable":true,"href":"https:\/\/murter-online.com\/pl\/wp-json\/wp\/v2\/product_cat?post=52688"},{"taxonomy":"product_tag","embeddable":true,"href":"https:\/\/murter-online.com\/pl\/wp-json\/wp\/v2\/product_tag?post=52688"}],"curies":[{"name":"wp","href":"https:\/\/api.w.org\/{rel}","templated":true}]}}