{"id":52693,"date":"2025-01-09T19:37:09","date_gmt":"2025-01-09T19:37:09","guid":{"rendered":"https:\/\/murter.riot.hr\/?post_type=product&#038;p=52693"},"modified":"2025-04-19T09:06:50","modified_gmt":"2025-04-19T08:06:50","slug":"apartament-cigrada-pool-paradise-a6-id-135","status":"publish","type":"product","link":"https:\/\/murter-online.com\/pl\/produkt\/apartament-cigrada-pool-paradise-a6-id-135\/","title":{"rendered":"Apartamenty z basenem Pool Paradise Murter A6 ID 135"},"content":{"rendered":"","protected":false},"excerpt":{"rendered":"<p>Mieszkanie znajduje si\u0119 oko\u0142o 750 metr\u00f3w od morza. Mieszkanie ma powierzchni\u0119 45 m2. Posiada dwie sypialnie, w kt\u00f3rych mo\u017ce spa\u0107 6 os\u00f3b doros\u0142ych. Nie ma salonu. Do dyspozycji Go\u015bci jest \u0142azienka z prysznicem. Powierzchnia balkonu \/ tarasu to 15 m2. Mieszkanie znajduje si\u0119 na parterze. Mieszkanie wyposa\u017cone jest w TV, klimatyzacj\u0119, odbiornik satelitarny, piekarnik, bezp\u0142atne \u0142\u0105cze internetowe wifi. Parking jest wliczony w cen\u0119. Zwierz\u0119ta domowe na zapytanie. Jest odkryty basen, z kt\u00f3rego mo\u017cna korzysta\u0107.<\/p>\n","protected":false},"featured_media":40604,"template":"","meta":{"_acf_changed":false},"product_brand":[],"product_cat":[153,131,152],"product_tag":[],"class_list":{"0":"post-52693","1":"product","2":"type-product","3":"status-publish","4":"has-post-thumbnail","6":"product_cat-apartamenty-dla-rodzin","7":"product_cat-apartamenty","8":"product_cat-apartamenty-z-basenem","10":"first","11":"instock","12":"sold-individually","13":"shipping-taxable","14":"purchasable","15":"product-type-phive_booking"},"acf":[],"_links":{"self":[{"href":"https:\/\/murter-online.com\/pl\/wp-json\/wp\/v2\/product\/52693","targetHints":{"allow":["GET"]}}],"collection":[{"href":"https:\/\/murter-online.com\/pl\/wp-json\/wp\/v2\/product"}],"about":[{"href":"https:\/\/murter-online.com\/pl\/wp-json\/wp\/v2\/types\/product"}],"wp:featuredmedia":[{"embeddable":true,"href":"https:\/\/murter-online.com\/pl\/wp-json\/wp\/v2\/media\/40604"}],"wp:attachment":[{"href":"https:\/\/murter-online.com\/pl\/wp-json\/wp\/v2\/media?parent=52693"}],"wp:term":[{"taxonomy":"product_brand","embeddable":true,"href":"https:\/\/murter-online.com\/pl\/wp-json\/wp\/v2\/product_brand?post=52693"},{"taxonomy":"product_cat","embeddable":true,"href":"https:\/\/murter-online.com\/pl\/wp-json\/wp\/v2\/product_cat?post=52693"},{"taxonomy":"product_tag","embeddable":true,"href":"https:\/\/murter-online.com\/pl\/wp-json\/wp\/v2\/product_tag?post=52693"}],"curies":[{"name":"wp","href":"https:\/\/api.w.org\/{rel}","templated":true}]}}