{"id":52703,"date":"2025-01-09T19:41:52","date_gmt":"2025-01-09T19:41:52","guid":{"rendered":"https:\/\/murter.riot.hr\/?post_type=product&#038;p=52703"},"modified":"2025-04-25T20:19:17","modified_gmt":"2025-04-25T19:19:17","slug":"apartament-garden-house-murter-a41-id-150","status":"publish","type":"product","link":"https:\/\/murter-online.com\/pl\/produkt\/apartament-garden-house-murter-a41-id-150\/","title":{"rendered":"Apartament wakacyjny dla rodziny Garden house Murter A4+1 ID 150"},"content":{"rendered":"","protected":false},"excerpt":{"rendered":"<p>Apartament znajduje si\u0119 w doskona\u0142ej lokalizacji, zaledwie 300 metr\u00f3w od morza. Apartament ma powierzchni\u0119 50 m2. Posiada dwie sypialnie, w kt\u00f3rych mog\u0105 spa\u0107 4 osoby doros\u0142e. Posiada pok\u00f3j dzienny. Posiada dodatkowe \u0142\u00f3\u017cko dla jednej osoby. Do dyspozycji Go\u015bci jest \u0142azienka z prysznicem. Powierzchnia balkonu \/ tarasu wynosi 8 m2. Apartament znajduje si\u0119 na parterze. Apartament wyposa\u017cone jest w TV, klimatyzacj\u0119, piekarnik. Jest otwarty grill, z kt\u00f3rego mo\u017cna korzysta\u0107. Parking jest wliczony w cen\u0119. Apartament znajduje si\u0119 oko\u0142o 300 m od centrum i 300 m od morza lub pierwszej pla\u017cy w Murter. Zwierz\u0119ta domowe na zapytanie.<\/p>\n","protected":false},"featured_media":40716,"template":"","meta":{"_acf_changed":false},"product_brand":[],"product_cat":[153,131],"product_tag":[],"class_list":{"0":"post-52703","1":"product","2":"type-product","3":"status-publish","4":"has-post-thumbnail","6":"product_cat-apartamenty-dla-rodzin","7":"product_cat-apartamenty","9":"first","10":"instock","11":"sold-individually","12":"shipping-taxable","13":"purchasable","14":"product-type-phive_booking"},"acf":[],"_links":{"self":[{"href":"https:\/\/murter-online.com\/pl\/wp-json\/wp\/v2\/product\/52703","targetHints":{"allow":["GET"]}}],"collection":[{"href":"https:\/\/murter-online.com\/pl\/wp-json\/wp\/v2\/product"}],"about":[{"href":"https:\/\/murter-online.com\/pl\/wp-json\/wp\/v2\/types\/product"}],"wp:featuredmedia":[{"embeddable":true,"href":"https:\/\/murter-online.com\/pl\/wp-json\/wp\/v2\/media\/40716"}],"wp:attachment":[{"href":"https:\/\/murter-online.com\/pl\/wp-json\/wp\/v2\/media?parent=52703"}],"wp:term":[{"taxonomy":"product_brand","embeddable":true,"href":"https:\/\/murter-online.com\/pl\/wp-json\/wp\/v2\/product_brand?post=52703"},{"taxonomy":"product_cat","embeddable":true,"href":"https:\/\/murter-online.com\/pl\/wp-json\/wp\/v2\/product_cat?post=52703"},{"taxonomy":"product_tag","embeddable":true,"href":"https:\/\/murter-online.com\/pl\/wp-json\/wp\/v2\/product_tag?post=52703"}],"curies":[{"name":"wp","href":"https:\/\/api.w.org\/{rel}","templated":true}]}}