{"id":52707,"date":"2025-01-09T20:22:33","date_gmt":"2025-01-09T20:22:33","guid":{"rendered":"https:\/\/murter.riot.hr\/?post_type=product&#038;p=52707"},"modified":"2025-04-25T20:25:50","modified_gmt":"2025-04-25T19:25:50","slug":"apartment-murter-bay-view-goranka-a4-id-04","status":"publish","type":"product","link":"https:\/\/murter-online.com\/pl\/produkt\/apartment-murter-bay-view-goranka-a4-id-04\/","title":{"rendered":"Apartament wakacyjny dla rodziny Jelena Murter A4 ID 04"},"content":{"rendered":"","protected":false},"excerpt":{"rendered":"<p>Rozk\u0142ad wn\u0119trz: Liczba sypialni z \u0142\u00f3\u017ckiem ma\u0142\u017ce\u0144skim: 2,Liczba \u0142azienek z prysznicem i ubikacj\u0105: 1,Wielko\u015b\u0107 tarasu: 12m2 Wyposa\u017cenie wynajmowanej jednostki: Klimatyzacja,Telewizja satelitarna,Nema perilice rublja, Lod\u00f3wka,Piecyk do gotowania,Telewizja,Ogrzewanie,Aparat do gotowania kawy,Mikrofal\u00f3wka,Zmywarka do naczy\u0144,Internet,Grill, Po\u0142o\u017cenie i wygl\u0105d zewn\u0119trzny wynajmowanego obiektu: Widok na morze, Widok na spokojn\u0105 ulic\u0119,Wsp\u00f3lne wej\u015bcie,Pierwsze pi\u0119tro, Dodatkowe informacje: Wej\u015bcie od : 14sati,Wyj\u015bcie do: 10sati, Zwierz\u0119ta niedozwolone,Palenie niedozwolone, Cena obejmuje: Tygodniowa zmiana po\u015bcieli,R\u0119czniki,Naczynia i sztu\u0107ce,Zu\u017cycie pr\u0105du, wody i gazu,\u015arodki i narz\u0119dzia czysto\u015bci,Papier toaletowy (w dniu przyjazdu),Ko\u0144cowe sprz\u0105tanie,<\/p>\n","protected":false},"featured_media":40976,"template":"","meta":{"_acf_changed":false},"product_brand":[],"product_cat":[153,131],"product_tag":[],"class_list":{"0":"post-52707","1":"product","2":"type-product","3":"status-publish","4":"has-post-thumbnail","6":"product_cat-apartamenty-dla-rodzin","7":"product_cat-apartamenty","9":"first","10":"instock","11":"sold-individually","12":"shipping-taxable","13":"purchasable","14":"product-type-phive_booking"},"acf":[],"_links":{"self":[{"href":"https:\/\/murter-online.com\/pl\/wp-json\/wp\/v2\/product\/52707","targetHints":{"allow":["GET"]}}],"collection":[{"href":"https:\/\/murter-online.com\/pl\/wp-json\/wp\/v2\/product"}],"about":[{"href":"https:\/\/murter-online.com\/pl\/wp-json\/wp\/v2\/types\/product"}],"wp:featuredmedia":[{"embeddable":true,"href":"https:\/\/murter-online.com\/pl\/wp-json\/wp\/v2\/media\/40976"}],"wp:attachment":[{"href":"https:\/\/murter-online.com\/pl\/wp-json\/wp\/v2\/media?parent=52707"}],"wp:term":[{"taxonomy":"product_brand","embeddable":true,"href":"https:\/\/murter-online.com\/pl\/wp-json\/wp\/v2\/product_brand?post=52707"},{"taxonomy":"product_cat","embeddable":true,"href":"https:\/\/murter-online.com\/pl\/wp-json\/wp\/v2\/product_cat?post=52707"},{"taxonomy":"product_tag","embeddable":true,"href":"https:\/\/murter-online.com\/pl\/wp-json\/wp\/v2\/product_tag?post=52707"}],"curies":[{"name":"wp","href":"https:\/\/api.w.org\/{rel}","templated":true}]}}