{"id":52713,"date":"2025-01-09T20:25:44","date_gmt":"2025-01-09T20:25:44","guid":{"rendered":"https:\/\/murter.riot.hr\/?post_type=product&#038;p=52713"},"modified":"2025-04-25T20:41:34","modified_gmt":"2025-04-25T19:41:34","slug":"apartament-green-garden-murter-a4-id-100","status":"publish","type":"product","link":"https:\/\/murter-online.com\/pl\/produkt\/apartament-green-garden-murter-a4-id-100\/","title":{"rendered":"Apartament wakacyjny dla rodziny Green Garden Murter A4 ID 100"},"content":{"rendered":"","protected":false},"excerpt":{"rendered":"<p>Mieszkanie jest blisko centrum. Do najbli\u017cszej pla\u017cy jest oko\u0142o 350m. Mieszkanie sk\u0142ada si\u0119 z dw\u00f3ch pokoi dwuosobowych oraz dodatkowego \u0142\u00f3\u017cka dla drugiej osoby. Na podw\u00f3rku znajduje si\u0119 grill na \u015bwie\u017cym powietrzu, z kt\u00f3rego mo\u017cna korzysta\u0107. Cena obejmuje sprz\u0105tanie, r\u0119czniki i po\u015bciel.<\/p>\n","protected":false},"featured_media":55067,"template":"","meta":{"_acf_changed":false},"product_brand":[],"product_cat":[153,131],"product_tag":[],"class_list":{"0":"post-52713","1":"product","2":"type-product","3":"status-publish","4":"has-post-thumbnail","6":"product_cat-apartamenty-dla-rodzin","7":"product_cat-apartamenty","9":"first","10":"instock","11":"sold-individually","12":"shipping-taxable","13":"purchasable","14":"product-type-phive_booking"},"acf":[],"_links":{"self":[{"href":"https:\/\/murter-online.com\/pl\/wp-json\/wp\/v2\/product\/52713","targetHints":{"allow":["GET"]}}],"collection":[{"href":"https:\/\/murter-online.com\/pl\/wp-json\/wp\/v2\/product"}],"about":[{"href":"https:\/\/murter-online.com\/pl\/wp-json\/wp\/v2\/types\/product"}],"wp:featuredmedia":[{"embeddable":true,"href":"https:\/\/murter-online.com\/pl\/wp-json\/wp\/v2\/media\/55067"}],"wp:attachment":[{"href":"https:\/\/murter-online.com\/pl\/wp-json\/wp\/v2\/media?parent=52713"}],"wp:term":[{"taxonomy":"product_brand","embeddable":true,"href":"https:\/\/murter-online.com\/pl\/wp-json\/wp\/v2\/product_brand?post=52713"},{"taxonomy":"product_cat","embeddable":true,"href":"https:\/\/murter-online.com\/pl\/wp-json\/wp\/v2\/product_cat?post=52713"},{"taxonomy":"product_tag","embeddable":true,"href":"https:\/\/murter-online.com\/pl\/wp-json\/wp\/v2\/product_tag?post=52713"}],"curies":[{"name":"wp","href":"https:\/\/api.w.org\/{rel}","templated":true}]}}