{"id":52720,"date":"2025-01-09T20:38:38","date_gmt":"2025-01-09T20:38:38","guid":{"rendered":"https:\/\/murter.riot.hr\/?post_type=product&#038;p=52720"},"modified":"2025-04-20T21:03:57","modified_gmt":"2025-04-20T20:03:57","slug":"apartament-house-pool-podvrske-murter-3-a42","status":"publish","type":"product","link":"https:\/\/murter-online.com\/pl\/produkt\/apartament-house-pool-podvrske-murter-3-a42\/","title":{"rendered":"Dom mobilny z basenem i z miejscem do cumowania \u0142odzi Murter plaza Podvr\u0161ke 3 A4+2"},"content":{"rendered":"","protected":false},"excerpt":{"rendered":"<p>Nowe apartment po\u0142o\u017cone w doskona\u0142ej lokalizacji zaledwie 200m. daleko od morza. Apartament wyposa\u017cony jest w TV, klimatyzacj\u0119, odbiornik satelitarny, zmywark\u0119, BEZP\u0141ATNE \u0142\u0105cze internetowe Wi-Fi. W mieszkaniu s\u0105 dwie \u0142azienki z kabin\u0105 prysznicow\u0105. Jest pok\u00f3j dzienny, w kt\u00f3rym mo\u017cna spa\u0107. Powierzchnia mieszkalna wynosi 35 m2. a balkon \/ taras ma 20 m2. Istniej\u0105 dwie sypialnie, w kt\u00f3rych mog\u0105 spa\u0107 4 osoby doros\u0142e. Apartament znajduje si\u0119 na parterze. Zwierz\u0119ta &#8211; niedozwolone. Apartment posiada w\u0142asny bezp\u0142atny parking. Apartament posiada w\u0142asn\u0105 przysta\u0144 dla \u0142odzi &#8211; za dodatkow\u0105 op\u0142at\u0105. Jest otwarty grill. Apartament ma 700m. daleko od centrum i oko\u0142o 200m. daleko od morza lub pierwszej pla\u017cy w Murter.<\/p>\n","protected":false},"featured_media":41216,"template":"","meta":{"_acf_changed":false},"product_brand":[],"product_cat":[153,131,152,154,159],"product_tag":[],"class_list":{"0":"post-52720","1":"product","2":"type-product","3":"status-publish","4":"has-post-thumbnail","6":"product_cat-apartamenty-dla-rodzin","7":"product_cat-apartamenty","8":"product_cat-apartamenty-z-basenem","9":"product_cat-apartamenty-z-miejscem-do-cumowania-lodzi","10":"product_cat-mobilny-dom","12":"first","13":"instock","14":"sold-individually","15":"shipping-taxable","16":"purchasable","17":"product-type-phive_booking"},"acf":[],"_links":{"self":[{"href":"https:\/\/murter-online.com\/pl\/wp-json\/wp\/v2\/product\/52720","targetHints":{"allow":["GET"]}}],"collection":[{"href":"https:\/\/murter-online.com\/pl\/wp-json\/wp\/v2\/product"}],"about":[{"href":"https:\/\/murter-online.com\/pl\/wp-json\/wp\/v2\/types\/product"}],"wp:featuredmedia":[{"embeddable":true,"href":"https:\/\/murter-online.com\/pl\/wp-json\/wp\/v2\/media\/41216"}],"wp:attachment":[{"href":"https:\/\/murter-online.com\/pl\/wp-json\/wp\/v2\/media?parent=52720"}],"wp:term":[{"taxonomy":"product_brand","embeddable":true,"href":"https:\/\/murter-online.com\/pl\/wp-json\/wp\/v2\/product_brand?post=52720"},{"taxonomy":"product_cat","embeddable":true,"href":"https:\/\/murter-online.com\/pl\/wp-json\/wp\/v2\/product_cat?post=52720"},{"taxonomy":"product_tag","embeddable":true,"href":"https:\/\/murter-online.com\/pl\/wp-json\/wp\/v2\/product_tag?post=52720"}],"curies":[{"name":"wp","href":"https:\/\/api.w.org\/{rel}","templated":true}]}}