{"id":52742,"date":"2025-01-09T21:35:59","date_gmt":"2025-01-09T21:35:59","guid":{"rendered":"https:\/\/murter.riot.hr\/?post_type=product&#038;p=52742"},"modified":"2025-04-13T07:42:14","modified_gmt":"2025-04-13T06:42:14","slug":"apartament-jezera-center-a41-id-141","status":"publish","type":"product","link":"https:\/\/murter-online.com\/pl\/produkt\/apartament-jezera-center-a41-id-141\/","title":{"rendered":"Apartament wakacyjny nad morzem Jezera wyspa Murter A4+1 ID 141"},"content":{"rendered":"","protected":false},"excerpt":{"rendered":"<p>Apartament znajduje si\u0119 w Jezera na wyspie Murter. Apartament ma widok na morze! Apartament znajduje si\u0119 w pobli\u017cu lokalnej pla\u017cy Zarati\u0107! Apartament posiada miejsce do cumowania \u0142odzi. Istniej\u0105 2 sypialnie, w kt\u00f3rych mog\u0105 spa\u0107 4 osoby. W pokoju dziennym znajduje si\u0119 rozk\u0142adana sofa dla 1 osoby. Kuchnia w pe\u0142ni wyposa\u017cona.<\/p>\n","protected":false},"featured_media":41936,"template":"","meta":{"_acf_changed":false},"product_brand":[],"product_cat":[131,154,151],"product_tag":[],"class_list":{"0":"post-52742","1":"product","2":"type-product","3":"status-publish","4":"has-post-thumbnail","6":"product_cat-apartamenty","7":"product_cat-apartamenty-z-miejscem-do-cumowania-lodzi","8":"product_cat-apartamenty-z-widokiem-na-morze","10":"first","11":"instock","12":"sold-individually","13":"shipping-taxable","14":"purchasable","15":"product-type-phive_booking"},"acf":[],"_links":{"self":[{"href":"https:\/\/murter-online.com\/pl\/wp-json\/wp\/v2\/product\/52742","targetHints":{"allow":["GET"]}}],"collection":[{"href":"https:\/\/murter-online.com\/pl\/wp-json\/wp\/v2\/product"}],"about":[{"href":"https:\/\/murter-online.com\/pl\/wp-json\/wp\/v2\/types\/product"}],"wp:featuredmedia":[{"embeddable":true,"href":"https:\/\/murter-online.com\/pl\/wp-json\/wp\/v2\/media\/41936"}],"wp:attachment":[{"href":"https:\/\/murter-online.com\/pl\/wp-json\/wp\/v2\/media?parent=52742"}],"wp:term":[{"taxonomy":"product_brand","embeddable":true,"href":"https:\/\/murter-online.com\/pl\/wp-json\/wp\/v2\/product_brand?post=52742"},{"taxonomy":"product_cat","embeddable":true,"href":"https:\/\/murter-online.com\/pl\/wp-json\/wp\/v2\/product_cat?post=52742"},{"taxonomy":"product_tag","embeddable":true,"href":"https:\/\/murter-online.com\/pl\/wp-json\/wp\/v2\/product_tag?post=52742"}],"curies":[{"name":"wp","href":"https:\/\/api.w.org\/{rel}","templated":true}]}}