{"id":52746,"date":"2025-01-09T21:44:26","date_gmt":"2025-01-09T21:44:26","guid":{"rendered":"https:\/\/murter.riot.hr\/?post_type=product&#038;p=52746"},"modified":"2025-04-13T08:07:30","modified_gmt":"2025-04-13T07:07:30","slug":"dom-josip-apartament-island-dream-a41-id-66","status":"publish","type":"product","link":"https:\/\/murter-online.com\/pl\/produkt\/dom-josip-apartament-island-dream-a41-id-66\/","title":{"rendered":"Apartament wakacyjny blisko pla\u017cy Slanica Josip wyspa Murter A4+1 ID 66"},"content":{"rendered":"","protected":false},"excerpt":{"rendered":"<p>Apartament Josip Island Dream A4 ID 66 znajduje si\u0119 na pocz\u0105tku deptaka w kierunku piaszczystej pla\u017cy Slanica. Slanica jest tylko 4 minuty spacerem od hotelu. W pobli\u017cu mieszkania znajduje si\u0119 r\u00f3wnie\u017c miejska pla\u017ca \u0141ukasza. Ten nowoczesny apartament wyposa\u017cony jest w klimatyzacj\u0119, WiFi, telewizj\u0119 satelitarn\u0105, pralk\u0119, zmywark\u0119 i inne sprz\u0119ty kuchenne. Mieszkanie posiada balkon, z kt\u00f3rego mo\u017cna podziwia\u0107 widok na morze. Sprz\u0105tanie ko\u0144cowe, po\u015bciel i r\u0119czniki s\u0105 wliczone w cen\u0119.<\/p>\n","protected":false},"featured_media":42248,"template":"","meta":{"_acf_changed":false},"product_brand":[],"product_cat":[153,131,151],"product_tag":[],"class_list":{"0":"post-52746","1":"product","2":"type-product","3":"status-publish","4":"has-post-thumbnail","6":"product_cat-apartamenty-dla-rodzin","7":"product_cat-apartamenty","8":"product_cat-apartamenty-z-widokiem-na-morze","10":"first","11":"instock","12":"sold-individually","13":"shipping-taxable","14":"purchasable","15":"product-type-phive_booking"},"acf":[],"_links":{"self":[{"href":"https:\/\/murter-online.com\/pl\/wp-json\/wp\/v2\/product\/52746","targetHints":{"allow":["GET"]}}],"collection":[{"href":"https:\/\/murter-online.com\/pl\/wp-json\/wp\/v2\/product"}],"about":[{"href":"https:\/\/murter-online.com\/pl\/wp-json\/wp\/v2\/types\/product"}],"wp:featuredmedia":[{"embeddable":true,"href":"https:\/\/murter-online.com\/pl\/wp-json\/wp\/v2\/media\/42248"}],"wp:attachment":[{"href":"https:\/\/murter-online.com\/pl\/wp-json\/wp\/v2\/media?parent=52746"}],"wp:term":[{"taxonomy":"product_brand","embeddable":true,"href":"https:\/\/murter-online.com\/pl\/wp-json\/wp\/v2\/product_brand?post=52746"},{"taxonomy":"product_cat","embeddable":true,"href":"https:\/\/murter-online.com\/pl\/wp-json\/wp\/v2\/product_cat?post=52746"},{"taxonomy":"product_tag","embeddable":true,"href":"https:\/\/murter-online.com\/pl\/wp-json\/wp\/v2\/product_tag?post=52746"}],"curies":[{"name":"wp","href":"https:\/\/api.w.org\/{rel}","templated":true}]}}