{"id":52754,"date":"2025-01-09T21:51:30","date_gmt":"2025-01-09T21:51:30","guid":{"rendered":"https:\/\/murter.riot.hr\/?post_type=product&#038;p=52754"},"modified":"2025-05-01T13:24:54","modified_gmt":"2025-05-01T12:24:54","slug":"apartament-kornatska-balcony-view-a4-id-119","status":"publish","type":"product","link":"https:\/\/murter-online.com\/pl\/produkt\/apartament-kornatska-balcony-view-a4-id-119\/","title":{"rendered":"Apartament wakacyjny dla 4 os\u00f3b blisko pla\u017cy Luke Kornatska Murter A4 ID 119"},"content":{"rendered":"","protected":false},"excerpt":{"rendered":"<p>Mieszkanie ma powierzchni\u0119 55 m2. Posiada dwie sypialnie, w kt\u00f3rych mog\u0105 spa\u0107 4 osoby doros\u0142e. Posiada salon. Posiada \u0142azienk\u0119 z prysznicem. Powierzchnia balkonu\/tarasu wynosi 10 m2. Mieszkanie znajduje si\u0119 na pierwszym pi\u0119trze. W apartamencie znajduje si\u0119 telewizor, piekarnik, bezp\u0142atne \u0142\u0105cze internetowe Wi-Fi. Parking jest zapewniony i wliczony w cen\u0119. Mo\u017cna korzysta\u0107 z grilla na \u015bwie\u017cym powietrzu. Mieszkanie znajduje si\u0119 oko\u0142o 450 m. 350 m od centrum miasta. od morza lub pierwszej pla\u017cy w Murter. Zwierz\u0119ta s\u0105 akceptowane za dodatkow\u0105 op\u0142at\u0105.<\/p>\n","protected":false},"featured_media":42412,"template":"","meta":{"_acf_changed":false},"product_brand":[],"product_cat":[153,131,151],"product_tag":[],"class_list":{"0":"post-52754","1":"product","2":"type-product","3":"status-publish","4":"has-post-thumbnail","6":"product_cat-apartamenty-dla-rodzin","7":"product_cat-apartamenty","8":"product_cat-apartamenty-z-widokiem-na-morze","10":"first","11":"instock","12":"sold-individually","13":"shipping-taxable","14":"purchasable","15":"product-type-phive_booking"},"acf":[],"_links":{"self":[{"href":"https:\/\/murter-online.com\/pl\/wp-json\/wp\/v2\/product\/52754","targetHints":{"allow":["GET"]}}],"collection":[{"href":"https:\/\/murter-online.com\/pl\/wp-json\/wp\/v2\/product"}],"about":[{"href":"https:\/\/murter-online.com\/pl\/wp-json\/wp\/v2\/types\/product"}],"wp:featuredmedia":[{"embeddable":true,"href":"https:\/\/murter-online.com\/pl\/wp-json\/wp\/v2\/media\/42412"}],"wp:attachment":[{"href":"https:\/\/murter-online.com\/pl\/wp-json\/wp\/v2\/media?parent=52754"}],"wp:term":[{"taxonomy":"product_brand","embeddable":true,"href":"https:\/\/murter-online.com\/pl\/wp-json\/wp\/v2\/product_brand?post=52754"},{"taxonomy":"product_cat","embeddable":true,"href":"https:\/\/murter-online.com\/pl\/wp-json\/wp\/v2\/product_cat?post=52754"},{"taxonomy":"product_tag","embeddable":true,"href":"https:\/\/murter-online.com\/pl\/wp-json\/wp\/v2\/product_tag?post=52754"}],"curies":[{"name":"wp","href":"https:\/\/api.w.org\/{rel}","templated":true}]}}