{"id":52760,"date":"2025-01-09T21:55:19","date_gmt":"2025-01-09T21:55:19","guid":{"rendered":"https:\/\/murter.riot.hr\/?post_type=product&#038;p=52760"},"modified":"2025-04-26T07:12:37","modified_gmt":"2025-04-26T06:12:37","slug":"apartament-kornatska-widok-panoramiczny-a4-1-id-106","status":"publish","type":"product","link":"https:\/\/murter-online.com\/pl\/produkt\/apartament-kornatska-widok-panoramiczny-a4-1-id-106\/","title":{"rendered":"Apartament wakacyjny dla rodziny Kornatska Murter A4 + 1 ID 106"},"content":{"rendered":"","protected":false},"excerpt":{"rendered":"<p>Apartament Kornatska Widok panoramiczny A4 + 1 ID 106 Znajduje si\u0119 w doskona\u0142ej lokalizacji. Mieszkanie jest w pe\u0142ni wyposa\u017cone i zaledwie 350 metr\u00f3w od lokalnej pla\u017cy \u0141ukasza i pierwszego sklepu. Apartament znajduje si\u0119 10 minut spacerem od centrum i 550 metr\u00f3w od piaszczystej pla\u017cy Slanica.<\/p>\n","protected":false},"featured_media":42500,"template":"","meta":{"_acf_changed":false},"product_brand":[],"product_cat":[153,131],"product_tag":[],"class_list":{"0":"post-52760","1":"product","2":"type-product","3":"status-publish","4":"has-post-thumbnail","6":"product_cat-apartamenty-dla-rodzin","7":"product_cat-apartamenty","9":"first","10":"instock","11":"sold-individually","12":"shipping-taxable","13":"purchasable","14":"product-type-phive_booking"},"acf":[],"_links":{"self":[{"href":"https:\/\/murter-online.com\/pl\/wp-json\/wp\/v2\/product\/52760","targetHints":{"allow":["GET"]}}],"collection":[{"href":"https:\/\/murter-online.com\/pl\/wp-json\/wp\/v2\/product"}],"about":[{"href":"https:\/\/murter-online.com\/pl\/wp-json\/wp\/v2\/types\/product"}],"wp:featuredmedia":[{"embeddable":true,"href":"https:\/\/murter-online.com\/pl\/wp-json\/wp\/v2\/media\/42500"}],"wp:attachment":[{"href":"https:\/\/murter-online.com\/pl\/wp-json\/wp\/v2\/media?parent=52760"}],"wp:term":[{"taxonomy":"product_brand","embeddable":true,"href":"https:\/\/murter-online.com\/pl\/wp-json\/wp\/v2\/product_brand?post=52760"},{"taxonomy":"product_cat","embeddable":true,"href":"https:\/\/murter-online.com\/pl\/wp-json\/wp\/v2\/product_cat?post=52760"},{"taxonomy":"product_tag","embeddable":true,"href":"https:\/\/murter-online.com\/pl\/wp-json\/wp\/v2\/product_tag?post=52760"}],"curies":[{"name":"wp","href":"https:\/\/api.w.org\/{rel}","templated":true}]}}