{"id":52773,"date":"2025-01-12T08:46:15","date_gmt":"2025-01-12T08:46:15","guid":{"rendered":"https:\/\/murter.riot.hr\/?post_type=product&#038;p=52773"},"modified":"2025-04-26T08:04:31","modified_gmt":"2025-04-26T07:04:31","slug":"apartament-luke-beach-flower-a41","status":"publish","type":"product","link":"https:\/\/murter-online.com\/pl\/produkt\/apartament-luke-beach-flower-a41\/","title":{"rendered":"Apartament wakacyjny dla rodziny Luke Beach Flower Murter A4+1"},"content":{"rendered":"","protected":false},"excerpt":{"rendered":"<p>Mieszkanie po\u0142o\u017cone na \u015bwietnym miejscu! Mieszkanie przystosowane dla rodzin z dzie\u0107mi, w pe\u0142ni wyposa\u017cone, po\u0142o\u017cone na parterze z ogrodzonym podw\u00f3rkiem. Apartament znajduje si\u0119 250 metr\u00f3w od pla\u017cy miejskiej Luke, 350 metr\u00f3w od piaszczystej pla\u017cy Slanica, 10 minut spacerem od centrum Murter. Mieszkanie ma dwie sypialnie, w kt\u00f3rych mog\u0105 spa\u0107 4 osoby oraz dodatkowe \u0142\u00f3\u017cko w salonie.<\/p>\n","protected":false},"featured_media":45112,"template":"","meta":{"_acf_changed":false},"product_brand":[],"product_cat":[153,131],"product_tag":[],"class_list":{"0":"post-52773","1":"product","2":"type-product","3":"status-publish","4":"has-post-thumbnail","6":"product_cat-apartamenty-dla-rodzin","7":"product_cat-apartamenty","9":"first","10":"instock","11":"sold-individually","12":"shipping-taxable","13":"purchasable","14":"product-type-phive_booking"},"acf":[],"_links":{"self":[{"href":"https:\/\/murter-online.com\/pl\/wp-json\/wp\/v2\/product\/52773","targetHints":{"allow":["GET"]}}],"collection":[{"href":"https:\/\/murter-online.com\/pl\/wp-json\/wp\/v2\/product"}],"about":[{"href":"https:\/\/murter-online.com\/pl\/wp-json\/wp\/v2\/types\/product"}],"wp:featuredmedia":[{"embeddable":true,"href":"https:\/\/murter-online.com\/pl\/wp-json\/wp\/v2\/media\/45112"}],"wp:attachment":[{"href":"https:\/\/murter-online.com\/pl\/wp-json\/wp\/v2\/media?parent=52773"}],"wp:term":[{"taxonomy":"product_brand","embeddable":true,"href":"https:\/\/murter-online.com\/pl\/wp-json\/wp\/v2\/product_brand?post=52773"},{"taxonomy":"product_cat","embeddable":true,"href":"https:\/\/murter-online.com\/pl\/wp-json\/wp\/v2\/product_cat?post=52773"},{"taxonomy":"product_tag","embeddable":true,"href":"https:\/\/murter-online.com\/pl\/wp-json\/wp\/v2\/product_tag?post=52773"}],"curies":[{"name":"wp","href":"https:\/\/api.w.org\/{rel}","templated":true}]}}