{"id":52779,"date":"2025-01-12T08:48:15","date_gmt":"2025-01-12T08:48:15","guid":{"rendered":"https:\/\/murter.riot.hr\/?post_type=product&#038;p=52779"},"modified":"2025-04-26T08:20:08","modified_gmt":"2025-04-26T07:20:08","slug":"apartament-luke-beach-murter-a41-id-133","status":"publish","type":"product","link":"https:\/\/murter-online.com\/pl\/produkt\/apartament-luke-beach-murter-a41-id-133\/","title":{"rendered":"Apartament wakacyjny dla rodziny pla\u017ca Luke Barbara Murter A4+1 ID 133"},"content":{"rendered":"","protected":false},"excerpt":{"rendered":"<div align=\"center\">\n<div class=\"max_width\" align=\"left\">\n<div>\n<div>Mieszkanie znajduje si\u0119 w doskona\u0142ej lokalizacji, zaledwie 70 metr\u00f3w od morza. Mieszkanie ma powierzchni\u0119 65 m2. Posiada dwie sypialnie, w kt\u00f3rych mo\u017ce spa\u0107 5 os\u00f3b doros\u0142ych. Posiada pok\u00f3j dzienny. Posiada dodatkowe \u0142\u00f3\u017cko dla jednej osoby. Do dyspozycji Go\u015bci jest \u0142azienka z prysznicem. Powierzchnia balkonu \/ tarasu wynosi 20 m2. Mieszkanie znajduje si\u0119 na pierwszym pi\u0119trze. Apartament wyposa\u017cony jest w piekarnik, klimatyzacj\u0119, telewizj\u0119 satelitarn\u0105. Parking jest wliczony w cen\u0119. Jest grill na \u015bwie\u017cym powietrzu, z kt\u00f3rego mo\u017cna korzysta\u0107. Zwierz\u0119ta s\u0105 akceptowane za dodatkow\u0105 op\u0142at\u0105.<\/div>\n<\/div>\n<\/div>\n<\/div>\n<div align=\"center\"><\/div>\n","protected":false},"featured_media":45188,"template":"","meta":{"_acf_changed":false},"product_brand":[],"product_cat":[153,131],"product_tag":[],"class_list":{"0":"post-52779","1":"product","2":"type-product","3":"status-publish","4":"has-post-thumbnail","6":"product_cat-apartamenty-dla-rodzin","7":"product_cat-apartamenty","9":"first","10":"instock","11":"sold-individually","12":"shipping-taxable","13":"purchasable","14":"product-type-phive_booking"},"acf":[],"_links":{"self":[{"href":"https:\/\/murter-online.com\/pl\/wp-json\/wp\/v2\/product\/52779","targetHints":{"allow":["GET"]}}],"collection":[{"href":"https:\/\/murter-online.com\/pl\/wp-json\/wp\/v2\/product"}],"about":[{"href":"https:\/\/murter-online.com\/pl\/wp-json\/wp\/v2\/types\/product"}],"wp:featuredmedia":[{"embeddable":true,"href":"https:\/\/murter-online.com\/pl\/wp-json\/wp\/v2\/media\/45188"}],"wp:attachment":[{"href":"https:\/\/murter-online.com\/pl\/wp-json\/wp\/v2\/media?parent=52779"}],"wp:term":[{"taxonomy":"product_brand","embeddable":true,"href":"https:\/\/murter-online.com\/pl\/wp-json\/wp\/v2\/product_brand?post=52779"},{"taxonomy":"product_cat","embeddable":true,"href":"https:\/\/murter-online.com\/pl\/wp-json\/wp\/v2\/product_cat?post=52779"},{"taxonomy":"product_tag","embeddable":true,"href":"https:\/\/murter-online.com\/pl\/wp-json\/wp\/v2\/product_tag?post=52779"}],"curies":[{"name":"wp","href":"https:\/\/api.w.org\/{rel}","templated":true}]}}