{"id":52784,"date":"2025-01-12T08:54:05","date_gmt":"2025-01-12T08:54:05","guid":{"rendered":"https:\/\/murter.riot.hr\/?post_type=product&#038;p=52784"},"modified":"2025-04-14T09:20:49","modified_gmt":"2025-04-14T08:20:49","slug":"apartament-luke-beachfront-murter-a41-id-152","status":"publish","type":"product","link":"https:\/\/murter-online.com\/pl\/produkt\/apartament-luke-beachfront-murter-a41-id-152\/","title":{"rendered":"Apartament wakacyjny przy pla\u017cy Luke wyspa Murter A4+1 ID 152"},"content":{"rendered":"","protected":false},"excerpt":{"rendered":"<p>Apartament znajduje si\u0119 w doskona\u0142ej lokalizacji, bezpo\u015brednio przy miejskiej pla\u017cy \u0141ukasza. Ze wzgl\u0119du na doskona\u0142\u0105 lokalizacj\u0119 i blisko\u015b\u0107 pla\u017cy, sklep\u00f3w, placu zabaw oraz centrum nadaje si\u0119 dla rodzin z dzie\u0107mi. Apartament ma powierzchni\u0119 65 m2. Posiada dwie sypialnie, w kt\u00f3rych mog\u0105 spa\u0107 4 osoby doros\u0142e. Posiada pok\u00f3j dzienny, kt\u00f3ry mo\u017ce s\u0142u\u017cy\u0107 do spania &#8211; Posiada dodatkowe \u0142\u00f3\u017cko dla jednej osoby. Do dyspozycji Go\u015bci jest \u0142azienka z prysznicem. Powierzchnia tarasu wynosi 40 m2. Apartament znajduje si\u0119 na pierwszym pi\u0119trze. Apartament wyposa\u017cone jest w TV, klimatyzacj\u0119. Parking jest wliczony w cen\u0119. Zwierz\u0119ta domowe na zapytanie.<\/p>\n","protected":false},"featured_media":45276,"template":"","meta":{"_acf_changed":false},"product_brand":[],"product_cat":[153,131,151],"product_tag":[],"class_list":{"0":"post-52784","1":"product","2":"type-product","3":"status-publish","4":"has-post-thumbnail","6":"product_cat-apartamenty-dla-rodzin","7":"product_cat-apartamenty","8":"product_cat-apartamenty-z-widokiem-na-morze","10":"first","11":"instock","12":"sold-individually","13":"shipping-taxable","14":"purchasable","15":"product-type-phive_booking"},"acf":[],"_links":{"self":[{"href":"https:\/\/murter-online.com\/pl\/wp-json\/wp\/v2\/product\/52784","targetHints":{"allow":["GET"]}}],"collection":[{"href":"https:\/\/murter-online.com\/pl\/wp-json\/wp\/v2\/product"}],"about":[{"href":"https:\/\/murter-online.com\/pl\/wp-json\/wp\/v2\/types\/product"}],"wp:featuredmedia":[{"embeddable":true,"href":"https:\/\/murter-online.com\/pl\/wp-json\/wp\/v2\/media\/45276"}],"wp:attachment":[{"href":"https:\/\/murter-online.com\/pl\/wp-json\/wp\/v2\/media?parent=52784"}],"wp:term":[{"taxonomy":"product_brand","embeddable":true,"href":"https:\/\/murter-online.com\/pl\/wp-json\/wp\/v2\/product_brand?post=52784"},{"taxonomy":"product_cat","embeddable":true,"href":"https:\/\/murter-online.com\/pl\/wp-json\/wp\/v2\/product_cat?post=52784"},{"taxonomy":"product_tag","embeddable":true,"href":"https:\/\/murter-online.com\/pl\/wp-json\/wp\/v2\/product_tag?post=52784"}],"curies":[{"name":"wp","href":"https:\/\/api.w.org\/{rel}","templated":true}]}}