{"id":52802,"date":"2025-01-12T09:03:57","date_gmt":"2025-01-12T09:03:57","guid":{"rendered":"https:\/\/murter.riot.hr\/?post_type=product&#038;p=52802"},"modified":"2025-04-26T08:54:15","modified_gmt":"2025-04-26T07:54:15","slug":"dom-marija-apartament-sea-luke-a41-id-77","status":"publish","type":"product","link":"https:\/\/murter-online.com\/pl\/produkt\/dom-marija-apartament-sea-luke-a41-id-77\/","title":{"rendered":"Apartament dla 2 os\u00f3b pla\u017ca Luke Marija Murter A4+1 ID 77"},"content":{"rendered":"","protected":false},"excerpt":{"rendered":"<p>Apartament Sea Luke znajduje si\u0119 zaledwie kilka metr\u00f3w od pla\u017cy \u0141ukasza w spokojnej okolicy. W pobli\u017cu znajduj\u0105 si\u0119 kawiarnie, restauracja i sklep. Jest to 10 minut spacerem od centrum. Mieszkanie sk\u0142ada si\u0119 z dw\u00f3ch sypialni, \u0142azienki oraz kuchni i salonu. Oferuje on bezp\u0142atne WiFi i klimatyzacj\u0119. <span class=\"Y2IQFc\" lang=\"pl\">R\u0119czniki, po\u015bciel i op\u0142ata klimatyczna s\u0105 wliczone w cen\u0119. Sprz\u0105tanie ko\u0144cowe wynosi 50 euro.<\/span><\/p>\n","protected":false},"featured_media":45540,"template":"","meta":{"_acf_changed":false},"product_brand":[],"product_cat":[153,131],"product_tag":[],"class_list":{"0":"post-52802","1":"product","2":"type-product","3":"status-publish","4":"has-post-thumbnail","6":"product_cat-apartamenty-dla-rodzin","7":"product_cat-apartamenty","9":"first","10":"instock","11":"sold-individually","12":"shipping-taxable","13":"purchasable","14":"product-type-phive_booking"},"acf":[],"_links":{"self":[{"href":"https:\/\/murter-online.com\/pl\/wp-json\/wp\/v2\/product\/52802","targetHints":{"allow":["GET"]}}],"collection":[{"href":"https:\/\/murter-online.com\/pl\/wp-json\/wp\/v2\/product"}],"about":[{"href":"https:\/\/murter-online.com\/pl\/wp-json\/wp\/v2\/types\/product"}],"wp:featuredmedia":[{"embeddable":true,"href":"https:\/\/murter-online.com\/pl\/wp-json\/wp\/v2\/media\/45540"}],"wp:attachment":[{"href":"https:\/\/murter-online.com\/pl\/wp-json\/wp\/v2\/media?parent=52802"}],"wp:term":[{"taxonomy":"product_brand","embeddable":true,"href":"https:\/\/murter-online.com\/pl\/wp-json\/wp\/v2\/product_brand?post=52802"},{"taxonomy":"product_cat","embeddable":true,"href":"https:\/\/murter-online.com\/pl\/wp-json\/wp\/v2\/product_cat?post=52802"},{"taxonomy":"product_tag","embeddable":true,"href":"https:\/\/murter-online.com\/pl\/wp-json\/wp\/v2\/product_tag?post=52802"}],"curies":[{"name":"wp","href":"https:\/\/api.w.org\/{rel}","templated":true}]}}