{"id":52806,"date":"2025-01-12T09:07:33","date_gmt":"2025-01-12T09:07:33","guid":{"rendered":"https:\/\/murter.riot.hr\/?post_type=product&#038;p=52806"},"modified":"2025-03-16T20:09:10","modified_gmt":"2025-03-16T19:09:10","slug":"apartament-marija-sea-view-luke-a41-id-124","status":"publish","type":"product","link":"https:\/\/murter-online.com\/pl\/produkt\/apartament-marija-sea-view-luke-a41-id-124\/","title":{"rendered":"Apartament Marija Sea View Luke A4+1 ID 124"},"content":{"rendered":"","protected":false},"excerpt":{"rendered":"<p>Apartament znajduje si\u0119 tylko w doskona\u0142ej lokalizacji 70m. od morza. Apartament wyposa\u017cony jest w tv, bezp\u0142atny klimatyzacja. Apartament posiada \u0142azienk\u0119 z prysznicem. Jest pok\u00f3j dzienny, w kt\u00f3rym mo\u017cesz spa\u0107.. Powierzchnia mieszkalna ma 60 m2. a balkon \/ taras ma 2 m2. W apartamencie mo\u017ce spa\u0107 4 os\u00f3b na g\u0142\u00f3wnych \u0142\u00f3\u017ckach a 2 osoby na rozk\u0142adanej sofie w salonie. Apartament znajduje si\u0119 na pierwszym pi\u0119trze. Apartament ma sw\u00f3j w\u0142asny bezp\u0142atny parking. Jest otwarty grill. Apartament jest 300m. daleko od centrum i oko\u0142o 70m. daleko od morza lub pierwszej pla\u017cy w Murter.<span class=\"Y2IQFc\" lang=\"pl\">R\u0119czniki, po\u015bciel i op\u0142ata klimatyczna s\u0105 wliczone w cen\u0119. Sprz\u0105tanie ko\u0144cowe wynosi 50 euro.<\/span><\/p>\n","protected":false},"featured_media":45600,"template":"","meta":{"_acf_changed":false},"product_brand":[],"product_cat":[153,131],"product_tag":[],"class_list":{"0":"post-52806","1":"product","2":"type-product","3":"status-publish","4":"has-post-thumbnail","6":"product_cat-apartamenty-dla-rodzin","7":"product_cat-apartamenty","9":"first","10":"instock","11":"sold-individually","12":"shipping-taxable","13":"purchasable","14":"product-type-phive_booking"},"acf":[],"_links":{"self":[{"href":"https:\/\/murter-online.com\/pl\/wp-json\/wp\/v2\/product\/52806","targetHints":{"allow":["GET"]}}],"collection":[{"href":"https:\/\/murter-online.com\/pl\/wp-json\/wp\/v2\/product"}],"about":[{"href":"https:\/\/murter-online.com\/pl\/wp-json\/wp\/v2\/types\/product"}],"wp:featuredmedia":[{"embeddable":true,"href":"https:\/\/murter-online.com\/pl\/wp-json\/wp\/v2\/media\/45600"}],"wp:attachment":[{"href":"https:\/\/murter-online.com\/pl\/wp-json\/wp\/v2\/media?parent=52806"}],"wp:term":[{"taxonomy":"product_brand","embeddable":true,"href":"https:\/\/murter-online.com\/pl\/wp-json\/wp\/v2\/product_brand?post=52806"},{"taxonomy":"product_cat","embeddable":true,"href":"https:\/\/murter-online.com\/pl\/wp-json\/wp\/v2\/product_cat?post=52806"},{"taxonomy":"product_tag","embeddable":true,"href":"https:\/\/murter-online.com\/pl\/wp-json\/wp\/v2\/product_tag?post=52806"}],"curies":[{"name":"wp","href":"https:\/\/api.w.org\/{rel}","templated":true}]}}