{"id":52811,"date":"2025-01-12T09:11:07","date_gmt":"2025-01-12T09:11:07","guid":{"rendered":"https:\/\/murter.riot.hr\/?post_type=product&#038;p=52811"},"modified":"2025-05-01T08:13:42","modified_gmt":"2025-05-01T07:13:42","slug":"dom-jelena-apartment-marina-murter-a41-id-21","status":"publish","type":"product","link":"https:\/\/murter-online.com\/pl\/produkt\/dom-jelena-apartment-marina-murter-a41-id-21\/","title":{"rendered":"Apartament wakacyjny dla rodziny Marina Murter A4+1 ID 21"},"content":{"rendered":"","protected":false},"excerpt":{"rendered":"<p>Nowy apartament z pi\u0119knym widokiem na morze znajduje si\u0119 tylko w doskona\u0142ej lokalizacji 180m. od morza. Apartament wyposa\u017cony jest w tv, bezp\u0142atny klimatyzacja, odbiornik satelitarny, piekarnik, zmywarka, BEZP\u0141ATNE po\u0142\u0105czenie internetowe Wi-Fi, pralka . Apartament posiada \u0142azienk\u0119 z prysznicem. Jest pok\u00f3j dzienny, w kt\u00f3rym mo\u017cesz spa\u0107.. Powierzchnia mieszkalna ma 60 m2. a balkon \/ taras ma 10 m2. W apartamencie mo\u017ce spa\u0107 4 os\u00f3b na g\u0142\u00f3wnych \u0142\u00f3\u017ckach a 1 osoba na rozk\u0142adanej sofie w salonie Apartament znajduje si\u0119 na pierwszym pi\u0119trze. Zwierz\u0119ta domowe &#8211; niedozwolone. apartament ma sw\u00f3j w\u0142asny bezp\u0142atny parking. Apartament jest 400m. daleko od centrum i oko\u0142o 180m. daleko od morza lub pierwszej pla\u017cy w Murter.<\/p>\n","protected":false},"featured_media":45700,"template":"","meta":{"_acf_changed":false},"product_brand":[],"product_cat":[153,131],"product_tag":[],"class_list":{"0":"post-52811","1":"product","2":"type-product","3":"status-publish","4":"has-post-thumbnail","6":"product_cat-apartamenty-dla-rodzin","7":"product_cat-apartamenty","9":"first","10":"instock","11":"sold-individually","12":"shipping-taxable","13":"purchasable","14":"product-type-phive_booking"},"acf":[],"_links":{"self":[{"href":"https:\/\/murter-online.com\/pl\/wp-json\/wp\/v2\/product\/52811","targetHints":{"allow":["GET"]}}],"collection":[{"href":"https:\/\/murter-online.com\/pl\/wp-json\/wp\/v2\/product"}],"about":[{"href":"https:\/\/murter-online.com\/pl\/wp-json\/wp\/v2\/types\/product"}],"wp:featuredmedia":[{"embeddable":true,"href":"https:\/\/murter-online.com\/pl\/wp-json\/wp\/v2\/media\/45700"}],"wp:attachment":[{"href":"https:\/\/murter-online.com\/pl\/wp-json\/wp\/v2\/media?parent=52811"}],"wp:term":[{"taxonomy":"product_brand","embeddable":true,"href":"https:\/\/murter-online.com\/pl\/wp-json\/wp\/v2\/product_brand?post=52811"},{"taxonomy":"product_cat","embeddable":true,"href":"https:\/\/murter-online.com\/pl\/wp-json\/wp\/v2\/product_cat?post=52811"},{"taxonomy":"product_tag","embeddable":true,"href":"https:\/\/murter-online.com\/pl\/wp-json\/wp\/v2\/product_tag?post=52811"}],"curies":[{"name":"wp","href":"https:\/\/api.w.org\/{rel}","templated":true}]}}