{"id":52816,"date":"2025-01-12T09:14:23","date_gmt":"2025-01-12T09:14:23","guid":{"rendered":"https:\/\/murter.riot.hr\/?post_type=product&#038;p=52816"},"modified":"2025-04-13T09:49:30","modified_gmt":"2025-04-13T08:49:30","slug":"apartament-marina-murter-blue-view-a41-id-102","status":"publish","type":"product","link":"https:\/\/murter-online.com\/pl\/produkt\/apartament-marina-murter-blue-view-a41-id-102\/","title":{"rendered":"Apartament wakacyjny z widokiem na morze blisko Marina Murter A4+1 ID 102"},"content":{"rendered":"","protected":false},"excerpt":{"rendered":"<p>Apartament Leonarda Blue View A4 + 1 ID 102 znajduje si\u0119 blisko centrum. Odleg\u0142o\u015b\u0107 od najbli\u017cszej kamienistej pla\u017cy wynosi oko\u0142o 80 m. Apartament posiada w pe\u0142ni wyposa\u017con\u0105 kuchni\u0119, WiFi i telewizj\u0119 satelitarn\u0105. Mieszkanie znajduje si\u0119 zaledwie 50m od najbli\u017cszego sklepu i restauracji. Cena obejmuje sprz\u0105tanie, r\u0119czniki i po\u015bciel.<\/p>\n","protected":false},"featured_media":45780,"template":"","meta":{"_acf_changed":false},"product_brand":[],"product_cat":[153,131,151],"product_tag":[],"class_list":{"0":"post-52816","1":"product","2":"type-product","3":"status-publish","4":"has-post-thumbnail","6":"product_cat-apartamenty-dla-rodzin","7":"product_cat-apartamenty","8":"product_cat-apartamenty-z-widokiem-na-morze","10":"first","11":"instock","12":"sold-individually","13":"shipping-taxable","14":"purchasable","15":"product-type-phive_booking"},"acf":[],"_links":{"self":[{"href":"https:\/\/murter-online.com\/pl\/wp-json\/wp\/v2\/product\/52816","targetHints":{"allow":["GET"]}}],"collection":[{"href":"https:\/\/murter-online.com\/pl\/wp-json\/wp\/v2\/product"}],"about":[{"href":"https:\/\/murter-online.com\/pl\/wp-json\/wp\/v2\/types\/product"}],"wp:featuredmedia":[{"embeddable":true,"href":"https:\/\/murter-online.com\/pl\/wp-json\/wp\/v2\/media\/45780"}],"wp:attachment":[{"href":"https:\/\/murter-online.com\/pl\/wp-json\/wp\/v2\/media?parent=52816"}],"wp:term":[{"taxonomy":"product_brand","embeddable":true,"href":"https:\/\/murter-online.com\/pl\/wp-json\/wp\/v2\/product_brand?post=52816"},{"taxonomy":"product_cat","embeddable":true,"href":"https:\/\/murter-online.com\/pl\/wp-json\/wp\/v2\/product_cat?post=52816"},{"taxonomy":"product_tag","embeddable":true,"href":"https:\/\/murter-online.com\/pl\/wp-json\/wp\/v2\/product_tag?post=52816"}],"curies":[{"name":"wp","href":"https:\/\/api.w.org\/{rel}","templated":true}]}}