{"id":52826,"date":"2025-01-12T09:46:13","date_gmt":"2025-01-12T09:46:13","guid":{"rendered":"https:\/\/murter.riot.hr\/?post_type=product&#038;p=52826"},"modified":"2025-05-01T08:53:27","modified_gmt":"2025-05-01T07:53:27","slug":"apartament-marina-murter-colentum-a42","status":"publish","type":"product","link":"https:\/\/murter-online.com\/pl\/produkt\/apartament-marina-murter-colentum-a42\/","title":{"rendered":"Apartament wakacyjny dla rodziny Marina pla\u017ca Colentum Murter A4+2"},"content":{"rendered":"","protected":false},"excerpt":{"rendered":"<p>Niedrogie mieszkanie rodzinne w Murter dla max. 6 os\u00f3b! Mieszkanie znajduje si\u0119 w doskona\u0142ej lokalizacji, zaledwie 250 metr\u00f3w od lokalnej pla\u017cy Zdra\u010de w Betina, 250 metr\u00f3w od pla\u017cy w porcie Hramina i 400 metr\u00f3w od pla\u017cy archeologicznej Colentum. Mieszkanie jest w pe\u0142ni wyposa\u017cone, posiada klimatyzacj\u0119, bezp\u0142atne WiFi, zmywark\u0119, pralk\u0119, po\u015bciel i r\u0119czniki s\u0105 wliczone w cen\u0119 mieszkania. Parking znajduje si\u0119 na dziedzi\u0144cu mieszkania. Jest grill na \u015bwie\u017cym powietrzu, z kt\u00f3rego mo\u017cna korzysta\u0107. Apartament znajduje si\u0119 400 metr\u00f3w od centrum Murteru.<\/p>\n","protected":false},"featured_media":46460,"template":"","meta":{"_acf_changed":false},"product_brand":[],"product_cat":[153,131],"product_tag":[],"class_list":{"0":"post-52826","1":"product","2":"type-product","3":"status-publish","4":"has-post-thumbnail","6":"product_cat-apartamenty-dla-rodzin","7":"product_cat-apartamenty","9":"first","10":"instock","11":"sold-individually","12":"shipping-taxable","13":"purchasable","14":"product-type-phive_booking"},"acf":[],"_links":{"self":[{"href":"https:\/\/murter-online.com\/pl\/wp-json\/wp\/v2\/product\/52826","targetHints":{"allow":["GET"]}}],"collection":[{"href":"https:\/\/murter-online.com\/pl\/wp-json\/wp\/v2\/product"}],"about":[{"href":"https:\/\/murter-online.com\/pl\/wp-json\/wp\/v2\/types\/product"}],"wp:featuredmedia":[{"embeddable":true,"href":"https:\/\/murter-online.com\/pl\/wp-json\/wp\/v2\/media\/46460"}],"wp:attachment":[{"href":"https:\/\/murter-online.com\/pl\/wp-json\/wp\/v2\/media?parent=52826"}],"wp:term":[{"taxonomy":"product_brand","embeddable":true,"href":"https:\/\/murter-online.com\/pl\/wp-json\/wp\/v2\/product_brand?post=52826"},{"taxonomy":"product_cat","embeddable":true,"href":"https:\/\/murter-online.com\/pl\/wp-json\/wp\/v2\/product_cat?post=52826"},{"taxonomy":"product_tag","embeddable":true,"href":"https:\/\/murter-online.com\/pl\/wp-json\/wp\/v2\/product_tag?post=52826"}],"curies":[{"name":"wp","href":"https:\/\/api.w.org\/{rel}","templated":true}]}}