{"id":52845,"date":"2025-01-12T09:29:00","date_gmt":"2025-01-12T09:29:00","guid":{"rendered":"https:\/\/murter.riot.hr\/?post_type=product&#038;p=52845"},"modified":"2025-04-13T11:12:19","modified_gmt":"2025-04-13T10:12:19","slug":"apartament-murter-bay-view-a4-id-171","status":"publish","type":"product","link":"https:\/\/murter-online.com\/pl\/produkt\/apartament-murter-bay-view-a4-id-171\/","title":{"rendered":"Apartament wakacyjny z widokiem na morze Put Slanice Murter A4 ID 171"},"content":{"rendered":"","protected":false},"excerpt":{"rendered":"<p>Apartament znajduje si\u0119 w doskona\u0142ej lokalizacji zaledwie 400 metr\u00f3w od morza. Apartament ma powierzchni\u0119 45 m2. Posiada dwie sypialnie, kt\u00f3re mog\u0105 pomie\u015bci\u0107 4 osoby doros\u0142e. Do dyspozycji Go\u015bci jest \u0142azienka z prysznicem. Powierzchnia balkonu \/ tarasu 10 m2. Apartament znajduje si\u0119 na pierwszym pi\u0119trze. Apartament wyposa\u017cone jest w TV, klimatyzacj\u0119, odbiornik satelitarny, bezp\u0142atne \u0142\u0105cze internetowe wifi. Parking jest wliczony w cen\u0119. Apartament znajduje si\u0119 oko\u0142o 800 m od centrum i 400 m od morza lub pierwszej pla\u017cy w Murter. Zwierz\u0119ta domowe na zapytanie.<\/p>\n","protected":false},"featured_media":46072,"template":"","meta":{"_acf_changed":false},"product_brand":[],"product_cat":[153,131,151],"product_tag":[],"class_list":{"0":"post-52845","1":"product","2":"type-product","3":"status-publish","4":"has-post-thumbnail","6":"product_cat-apartamenty-dla-rodzin","7":"product_cat-apartamenty","8":"product_cat-apartamenty-z-widokiem-na-morze","10":"first","11":"instock","12":"sold-individually","13":"shipping-taxable","14":"purchasable","15":"product-type-phive_booking"},"acf":[],"_links":{"self":[{"href":"https:\/\/murter-online.com\/pl\/wp-json\/wp\/v2\/product\/52845","targetHints":{"allow":["GET"]}}],"collection":[{"href":"https:\/\/murter-online.com\/pl\/wp-json\/wp\/v2\/product"}],"about":[{"href":"https:\/\/murter-online.com\/pl\/wp-json\/wp\/v2\/types\/product"}],"wp:featuredmedia":[{"embeddable":true,"href":"https:\/\/murter-online.com\/pl\/wp-json\/wp\/v2\/media\/46072"}],"wp:attachment":[{"href":"https:\/\/murter-online.com\/pl\/wp-json\/wp\/v2\/media?parent=52845"}],"wp:term":[{"taxonomy":"product_brand","embeddable":true,"href":"https:\/\/murter-online.com\/pl\/wp-json\/wp\/v2\/product_brand?post=52845"},{"taxonomy":"product_cat","embeddable":true,"href":"https:\/\/murter-online.com\/pl\/wp-json\/wp\/v2\/product_cat?post=52845"},{"taxonomy":"product_tag","embeddable":true,"href":"https:\/\/murter-online.com\/pl\/wp-json\/wp\/v2\/product_tag?post=52845"}],"curies":[{"name":"wp","href":"https:\/\/api.w.org\/{rel}","templated":true}]}}