{"id":52862,"date":"2025-01-12T09:39:12","date_gmt":"2025-01-12T09:39:12","guid":{"rendered":"https:\/\/murter.riot.hr\/?post_type=product&#038;p=52862"},"modified":"2025-04-16T19:40:58","modified_gmt":"2025-04-16T18:40:58","slug":"apartament-murter-center-way-a41-id-65","status":"publish","type":"product","link":"https:\/\/murter-online.com\/pl\/produkt\/apartament-murter-center-way-a41-id-65\/","title":{"rendered":"Apartament wakacyjny Murter Centrum A4+1 ID 65"},"content":{"rendered":"","protected":false},"excerpt":{"rendered":"<p>Apartament Sea Pearl A4 + 1 ID 65 znajduje si\u0119 w pobli\u017cu centrum Murter. Mieszkanie posiada balkon, z kt\u00f3rego mo\u017cna podziwia\u0107 widok. Standardowe apartamenty obejmuj\u0105 rozk\u0142adan\u0105 sof\u0119, telewizj\u0119 satelitarn\u0105 oraz w pe\u0142ni wyposa\u017con\u0105 kuchni\u0119. W ka\u017cdym apartamencie mo\u017cna bezp\u0142atnie korzysta\u0107 z bezprzewodowego dost\u0119pu do Internetu. R\u0119czniki, po\u015bciel i sprz\u0105tanie ko\u0144cowe s\u0105 wliczone w cen\u0119.<\/p>\n","protected":false},"featured_media":46412,"template":"","meta":{"_acf_changed":false},"product_brand":[],"product_cat":[153,131,151],"product_tag":[],"class_list":{"0":"post-52862","1":"product","2":"type-product","3":"status-publish","4":"has-post-thumbnail","6":"product_cat-apartamenty-dla-rodzin","7":"product_cat-apartamenty","8":"product_cat-apartamenty-z-widokiem-na-morze","10":"first","11":"instock","12":"sold-individually","13":"shipping-taxable","14":"purchasable","15":"product-type-phive_booking"},"acf":[],"_links":{"self":[{"href":"https:\/\/murter-online.com\/pl\/wp-json\/wp\/v2\/product\/52862","targetHints":{"allow":["GET"]}}],"collection":[{"href":"https:\/\/murter-online.com\/pl\/wp-json\/wp\/v2\/product"}],"about":[{"href":"https:\/\/murter-online.com\/pl\/wp-json\/wp\/v2\/types\/product"}],"wp:featuredmedia":[{"embeddable":true,"href":"https:\/\/murter-online.com\/pl\/wp-json\/wp\/v2\/media\/46412"}],"wp:attachment":[{"href":"https:\/\/murter-online.com\/pl\/wp-json\/wp\/v2\/media?parent=52862"}],"wp:term":[{"taxonomy":"product_brand","embeddable":true,"href":"https:\/\/murter-online.com\/pl\/wp-json\/wp\/v2\/product_brand?post=52862"},{"taxonomy":"product_cat","embeddable":true,"href":"https:\/\/murter-online.com\/pl\/wp-json\/wp\/v2\/product_cat?post=52862"},{"taxonomy":"product_tag","embeddable":true,"href":"https:\/\/murter-online.com\/pl\/wp-json\/wp\/v2\/product_tag?post=52862"}],"curies":[{"name":"wp","href":"https:\/\/api.w.org\/{rel}","templated":true}]}}