{"id":52874,"date":"2025-01-11T11:12:41","date_gmt":"2025-01-11T11:12:41","guid":{"rendered":"https:\/\/murter.riot.hr\/?post_type=product&#038;p=52874"},"modified":"2025-04-26T10:56:53","modified_gmt":"2025-04-26T09:56:53","slug":"https-www-murter-online-com-uapartment-murter-colentum-beach-a4-id-144-po-sd-77025texta4-id-144-apartment-murter-colentum-beach-a4-id-144-maksymalna-liczba-osob","status":"publish","type":"product","link":"https:\/\/murter-online.com\/pl\/produkt\/https-www-murter-online-com-uapartment-murter-colentum-beach-a4-id-144-po-sd-77025texta4-id-144-apartment-murter-colentum-beach-a4-id-144-maksymalna-liczba-osob\/","title":{"rendered":"Apartament wakacyjny dla 4 os\u00f3b  pla\u017ca Colentum Murter A4 ID 144"},"content":{"rendered":"","protected":false},"excerpt":{"rendered":"<p>Apartament znajduje si\u0119 oko\u0142o 250 metr\u00f3w od morza. Apartament ma powierzchni\u0119 50 m2. Posiada dwie sypialnie, w kt\u00f3rych mog\u0105 spa\u0107 4 osoby doros\u0142e. Posiada dwie \u0142azienki z prysznicem. Powierzchnia balkonu \/ tarasu 10 m2. Apartament wyposa\u017cone jest w TV, klimatyzacj\u0119, piekarnik, bezp\u0142atne \u0142\u0105cze internetowe wifi. Parking jest wliczony w cen\u0119. Apartament znajduje si\u0119 oko\u0142o 30 metr\u00f3w od centrum i 250 metr\u00f3w od morza lub pierwszej pla\u017cy w Murter. Zwierz\u0119ta s\u0105 akceptowane za dodatkow\u0105 op\u0142at\u0105.<\/p>\n","protected":false},"featured_media":44712,"template":"","meta":{"_acf_changed":false},"product_brand":[],"product_cat":[153,131],"product_tag":[],"class_list":{"0":"post-52874","1":"product","2":"type-product","3":"status-publish","4":"has-post-thumbnail","6":"product_cat-apartamenty-dla-rodzin","7":"product_cat-apartamenty","9":"first","10":"instock","11":"sold-individually","12":"shipping-taxable","13":"purchasable","14":"product-type-phive_booking"},"acf":[],"_links":{"self":[{"href":"https:\/\/murter-online.com\/pl\/wp-json\/wp\/v2\/product\/52874","targetHints":{"allow":["GET"]}}],"collection":[{"href":"https:\/\/murter-online.com\/pl\/wp-json\/wp\/v2\/product"}],"about":[{"href":"https:\/\/murter-online.com\/pl\/wp-json\/wp\/v2\/types\/product"}],"wp:featuredmedia":[{"embeddable":true,"href":"https:\/\/murter-online.com\/pl\/wp-json\/wp\/v2\/media\/44712"}],"wp:attachment":[{"href":"https:\/\/murter-online.com\/pl\/wp-json\/wp\/v2\/media?parent=52874"}],"wp:term":[{"taxonomy":"product_brand","embeddable":true,"href":"https:\/\/murter-online.com\/pl\/wp-json\/wp\/v2\/product_brand?post=52874"},{"taxonomy":"product_cat","embeddable":true,"href":"https:\/\/murter-online.com\/pl\/wp-json\/wp\/v2\/product_cat?post=52874"},{"taxonomy":"product_tag","embeddable":true,"href":"https:\/\/murter-online.com\/pl\/wp-json\/wp\/v2\/product_tag?post=52874"}],"curies":[{"name":"wp","href":"https:\/\/api.w.org\/{rel}","templated":true}]}}