{"id":52879,"date":"2025-01-11T11:26:04","date_gmt":"2025-01-11T11:26:04","guid":{"rendered":"https:\/\/murter.riot.hr\/?post_type=product&#038;p=52879"},"modified":"2025-04-26T11:01:25","modified_gmt":"2025-04-26T10:01:25","slug":"apartament-murter-cozy-vibe-a41-id-149","status":"publish","type":"product","link":"https:\/\/murter-online.com\/pl\/produkt\/apartament-murter-cozy-vibe-a41-id-149\/","title":{"rendered":"Apartament wakacyjny dla rodziny Murter Cozy Vibe A4+1 ID 149"},"content":{"rendered":"","protected":false},"excerpt":{"rendered":"<p>Apartament znajduje si\u0119 w doskona\u0142ej lokalizacji, zaledwie 300 metr\u00f3w od morza. Apartament ma powierzchni\u0119 70 m2. Posiada dwie sypialnie, w kt\u00f3rych mog\u0105 spa\u0107 4 osoby doros\u0142e. Posiada pok\u00f3j dzienny. Do dyspozycji Go\u015bci jest \u0142azienka z wann\u0105. Powierzchnia balkonu \/ tarasu 15 m2. Apartament znajduje si\u0119 na pierwszym pi\u0119trze. Apartament wyposa\u017cone w TV, piekarnik. Parking jest wliczony w cen\u0119. Jest grill na \u015bwie\u017cym powietrzu, z kt\u00f3rego mo\u017cna korzysta\u0107. Apartament znajduje si\u0119 oko\u0142o 300 m od centrum i 300 m od morza lub pierwszej pla\u017cy w Murter. Zwierz\u0119ta domowe na zapytanie.<\/p>\n","protected":false},"featured_media":44808,"template":"","meta":{"_acf_changed":false},"product_brand":[],"product_cat":[153,131],"product_tag":[],"class_list":{"0":"post-52879","1":"product","2":"type-product","3":"status-publish","4":"has-post-thumbnail","6":"product_cat-apartamenty-dla-rodzin","7":"product_cat-apartamenty","9":"first","10":"instock","11":"sold-individually","12":"shipping-taxable","13":"purchasable","14":"product-type-phive_booking"},"acf":[],"_links":{"self":[{"href":"https:\/\/murter-online.com\/pl\/wp-json\/wp\/v2\/product\/52879","targetHints":{"allow":["GET"]}}],"collection":[{"href":"https:\/\/murter-online.com\/pl\/wp-json\/wp\/v2\/product"}],"about":[{"href":"https:\/\/murter-online.com\/pl\/wp-json\/wp\/v2\/types\/product"}],"wp:featuredmedia":[{"embeddable":true,"href":"https:\/\/murter-online.com\/pl\/wp-json\/wp\/v2\/media\/44808"}],"wp:attachment":[{"href":"https:\/\/murter-online.com\/pl\/wp-json\/wp\/v2\/media?parent=52879"}],"wp:term":[{"taxonomy":"product_brand","embeddable":true,"href":"https:\/\/murter-online.com\/pl\/wp-json\/wp\/v2\/product_brand?post=52879"},{"taxonomy":"product_cat","embeddable":true,"href":"https:\/\/murter-online.com\/pl\/wp-json\/wp\/v2\/product_cat?post=52879"},{"taxonomy":"product_tag","embeddable":true,"href":"https:\/\/murter-online.com\/pl\/wp-json\/wp\/v2\/product_tag?post=52879"}],"curies":[{"name":"wp","href":"https:\/\/api.w.org\/{rel}","templated":true}]}}