{"id":52883,"date":"2025-01-11T11:58:05","date_gmt":"2025-01-11T11:58:05","guid":{"rendered":"https:\/\/murter.riot.hr\/?post_type=product&#038;p=52883"},"modified":"2025-04-26T11:06:14","modified_gmt":"2025-04-26T10:06:14","slug":"apartament-murter-family-suit-a41-id-205","status":"publish","type":"product","link":"https:\/\/murter-online.com\/pl\/produkt\/apartament-murter-family-suit-a41-id-205\/","title":{"rendered":"Apartament wakacyjny dla rodziny Bina Murter A4+1 ID 205"},"content":{"rendered":"","protected":false},"excerpt":{"rendered":"<p>Niedrogie mieszkanie rodzinne w Murter w doskona\u0142ej lokalizacji! Tylko 350 metr\u00f3w od piaszczystej pla\u017cy Slanica i 250 metr\u00f3w od lokalnej pla\u017cy \u0141ukasza. Mieszkanie znajduje si\u0119 w cichym i spokojnym miejscu, znajduj\u0105 si\u0119 dwie sypialnie, w kt\u00f3rych mog\u0105 spa\u0107 4 osoby doros\u0142e, kuchnia i pok\u00f3j dzienny (istnieje dodatkowe \u0142\u00f3\u017cko, kt\u00f3re mo\u017cna wykorzysta\u0107 do spania). Mieszkanie posiada osobne wej\u015bcie i pi\u0119kny taras w naturalnym cieniu. Parking dla go\u015bci jest bezp\u0142atny na podw\u00f3rku. Jest grill na \u015bwie\u017cym powietrzu, z kt\u00f3rego mo\u017cna korzysta\u0107 bezp\u0142atnie. Cena obowi\u0105zuje dla 4 os\u00f3b, dodatkowa osoba w apartamencie p\u0142aci 10 euro\/osob\u0119\/dob\u0119. Zwierz\u0119ta do uzgodnienia.<\/p>\n","protected":false},"featured_media":44884,"template":"","meta":{"_acf_changed":false},"product_brand":[],"product_cat":[153,131],"product_tag":[],"class_list":{"0":"post-52883","1":"product","2":"type-product","3":"status-publish","4":"has-post-thumbnail","6":"product_cat-apartamenty-dla-rodzin","7":"product_cat-apartamenty","9":"first","10":"instock","11":"sold-individually","12":"shipping-taxable","13":"purchasable","14":"product-type-phive_booking"},"acf":[],"_links":{"self":[{"href":"https:\/\/murter-online.com\/pl\/wp-json\/wp\/v2\/product\/52883","targetHints":{"allow":["GET"]}}],"collection":[{"href":"https:\/\/murter-online.com\/pl\/wp-json\/wp\/v2\/product"}],"about":[{"href":"https:\/\/murter-online.com\/pl\/wp-json\/wp\/v2\/types\/product"}],"wp:featuredmedia":[{"embeddable":true,"href":"https:\/\/murter-online.com\/pl\/wp-json\/wp\/v2\/media\/44884"}],"wp:attachment":[{"href":"https:\/\/murter-online.com\/pl\/wp-json\/wp\/v2\/media?parent=52883"}],"wp:term":[{"taxonomy":"product_brand","embeddable":true,"href":"https:\/\/murter-online.com\/pl\/wp-json\/wp\/v2\/product_brand?post=52883"},{"taxonomy":"product_cat","embeddable":true,"href":"https:\/\/murter-online.com\/pl\/wp-json\/wp\/v2\/product_cat?post=52883"},{"taxonomy":"product_tag","embeddable":true,"href":"https:\/\/murter-online.com\/pl\/wp-json\/wp\/v2\/product_tag?post=52883"}],"curies":[{"name":"wp","href":"https:\/\/api.w.org\/{rel}","templated":true}]}}