{"id":52888,"date":"2025-01-12T10:21:13","date_gmt":"2025-01-12T10:21:13","guid":{"rendered":"https:\/\/murter.riot.hr\/?post_type=product&#038;p=52888"},"modified":"2025-04-14T09:55:07","modified_gmt":"2025-04-14T08:55:07","slug":"apartament-murter-jersani-a41-id-202","status":"publish","type":"product","link":"https:\/\/murter-online.com\/pl\/produkt\/apartament-murter-jersani-a41-id-202\/","title":{"rendered":"Apartamenty z miejscem do cumowania \u0142odzi Jersani Murter A4+1 ID 202"},"content":{"rendered":"","protected":false},"excerpt":{"rendered":"<p>Mieszkanie w Murter w doskona\u0142ej lokalizacji, zaledwie 100 metr\u00f3w od morza! Nowo wyremontowany apartament dla max.5 os\u00f3b na dw\u00f3ch pi\u0119trach. Posiada dwie sypialnie, w kt\u00f3rych mog\u0105 spa\u0107 4 osoby doros\u0142e, posiada salon, kt\u00f3ry mo\u017ce by\u0107 wykorzystany do spania. Mieszkanie znajduje si\u0119 w pobli\u017cu pla\u017cy Podvr\u0161ke i lokalnej pla\u017cy Luke. Mieszkanie posiada pi\u0119kny taras z widokiem na morze. Apartament posiada miejsce do cumowania \u0142odzi, kt\u00f3re jest dodatkowo p\u0142atne. Pobyt w mieszkaniu obejmuje bezp\u0142atny parking dla samochodu na podw\u00f3rku przed domem. Jest otwarty grill, z kt\u00f3rego mo\u017cna korzysta\u0107. Zwierz\u0119ta nie s\u0105 akceptowane.<\/p>\n","protected":false},"featured_media":46584,"template":"","meta":{"_acf_changed":false},"product_brand":[],"product_cat":[153,131,154,151],"product_tag":[],"class_list":{"0":"post-52888","1":"product","2":"type-product","3":"status-publish","4":"has-post-thumbnail","6":"product_cat-apartamenty-dla-rodzin","7":"product_cat-apartamenty","8":"product_cat-apartamenty-z-miejscem-do-cumowania-lodzi","9":"product_cat-apartamenty-z-widokiem-na-morze","11":"first","12":"instock","13":"sold-individually","14":"shipping-taxable","15":"purchasable","16":"product-type-phive_booking"},"acf":[],"_links":{"self":[{"href":"https:\/\/murter-online.com\/pl\/wp-json\/wp\/v2\/product\/52888","targetHints":{"allow":["GET"]}}],"collection":[{"href":"https:\/\/murter-online.com\/pl\/wp-json\/wp\/v2\/product"}],"about":[{"href":"https:\/\/murter-online.com\/pl\/wp-json\/wp\/v2\/types\/product"}],"wp:featuredmedia":[{"embeddable":true,"href":"https:\/\/murter-online.com\/pl\/wp-json\/wp\/v2\/media\/46584"}],"wp:attachment":[{"href":"https:\/\/murter-online.com\/pl\/wp-json\/wp\/v2\/media?parent=52888"}],"wp:term":[{"taxonomy":"product_brand","embeddable":true,"href":"https:\/\/murter-online.com\/pl\/wp-json\/wp\/v2\/product_brand?post=52888"},{"taxonomy":"product_cat","embeddable":true,"href":"https:\/\/murter-online.com\/pl\/wp-json\/wp\/v2\/product_cat?post=52888"},{"taxonomy":"product_tag","embeddable":true,"href":"https:\/\/murter-online.com\/pl\/wp-json\/wp\/v2\/product_tag?post=52888"}],"curies":[{"name":"wp","href":"https:\/\/api.w.org\/{rel}","templated":true}]}}