{"id":52892,"date":"2025-01-12T10:24:36","date_gmt":"2025-01-12T10:24:36","guid":{"rendered":"https:\/\/murter.riot.hr\/?post_type=product&#038;p=52892"},"modified":"2025-01-30T08:55:00","modified_gmt":"2025-01-30T08:55:00","slug":"apartament-murter-luke-beach-a4-id-207","status":"publish","type":"product","link":"https:\/\/murter-online.com\/pl\/produkt\/apartament-murter-luke-beach-a4-id-207\/","title":{"rendered":"Apartament Murter Luke Beach A4 id 207"},"content":{"rendered":"","protected":false},"excerpt":{"rendered":"<p>Mieszkanie w Murter w \u015bwietnej lokalizacji, tylko 70 metr\u00f3w od lokalnej pla\u017cy \u0141ukasza, od pierwszego sklepu i placu zabaw dla dzieci! Mieszkanie znajduje si\u0119 na parterze i posiada dwa tarasy. Mieszkanie ma dwie sypialnie i jedn\u0105 \u0142azienk\u0119. Kuchnia w pe\u0142ni wyposa\u017cona. Parking dla samochodu jest bezp\u0142atny 70 metr\u00f3w od apartamentu<\/p>\n","protected":false},"featured_media":46732,"template":"","meta":{"_acf_changed":false},"product_brand":[],"product_cat":[153,131],"product_tag":[],"class_list":{"0":"post-52892","1":"product","2":"type-product","3":"status-publish","4":"has-post-thumbnail","6":"product_cat-apartamenty-dla-rodzin","7":"product_cat-apartamenty","9":"first","10":"instock","11":"sold-individually","12":"shipping-taxable","13":"purchasable","14":"product-type-phive_booking"},"acf":[],"_links":{"self":[{"href":"https:\/\/murter-online.com\/pl\/wp-json\/wp\/v2\/product\/52892","targetHints":{"allow":["GET"]}}],"collection":[{"href":"https:\/\/murter-online.com\/pl\/wp-json\/wp\/v2\/product"}],"about":[{"href":"https:\/\/murter-online.com\/pl\/wp-json\/wp\/v2\/types\/product"}],"wp:featuredmedia":[{"embeddable":true,"href":"https:\/\/murter-online.com\/pl\/wp-json\/wp\/v2\/media\/46732"}],"wp:attachment":[{"href":"https:\/\/murter-online.com\/pl\/wp-json\/wp\/v2\/media?parent=52892"}],"wp:term":[{"taxonomy":"product_brand","embeddable":true,"href":"https:\/\/murter-online.com\/pl\/wp-json\/wp\/v2\/product_brand?post=52892"},{"taxonomy":"product_cat","embeddable":true,"href":"https:\/\/murter-online.com\/pl\/wp-json\/wp\/v2\/product_cat?post=52892"},{"taxonomy":"product_tag","embeddable":true,"href":"https:\/\/murter-online.com\/pl\/wp-json\/wp\/v2\/product_tag?post=52892"}],"curies":[{"name":"wp","href":"https:\/\/api.w.org\/{rel}","templated":true}]}}