{"id":52896,"date":"2025-01-12T10:31:23","date_gmt":"2025-01-12T10:31:23","guid":{"rendered":"https:\/\/murter.riot.hr\/?post_type=product&#038;p=52896"},"modified":"2025-05-01T19:03:41","modified_gmt":"2025-05-01T18:03:41","slug":"apartament-murter-luke-beach-a4-id-269","status":"publish","type":"product","link":"https:\/\/murter-online.com\/pl\/produkt\/apartament-murter-luke-beach-a4-id-269\/","title":{"rendered":"Apartament wakacyjny dla 4 os\u00f3b przy pla\u017cy Luke wyspa Murter A4 ID 269"},"content":{"rendered":"","protected":false},"excerpt":{"rendered":"<p>Apartament dla 4 os\u00f3b znajduje si\u0119 w doskona\u0142ej lokalizacji. Znajduje si\u0119 bardzo blisko lokalnej pla\u017cy Luke, w pobli\u017cu sklep, kawiarnia, plac zabaw dla dzieci. Mieszkanie jest dwupoziomowe, na pierwszym pi\u0119trze znajduje si\u0119 kuchnia z salonem, balkon oraz \u0142azienka. Na drugim pi\u0119trze &#8211; dwie sypialnie z podw\u00f3jnym \u0142\u00f3\u017ckiem, ka\u017cdy pok\u00f3j posiada balkon. Pomi\u0119dzy pokojami znajduje si\u0119 jedna toaleta. Balkon z jednej sypialni ma widok na morze. Kuchnia w pe\u0142ni wyposa\u017cona, zamiast piekarnika w mieszkaniu jest piekarnik elektryczny. Apartament posiada klimatyzacj\u0119, internet Wi-Fi. Apartament posiada bezp\u0142atny parking dla samochodu.<\/p>\n","protected":false},"featured_media":46812,"template":"","meta":{"_acf_changed":false},"product_brand":[],"product_cat":[153,131,151],"product_tag":[],"class_list":{"0":"post-52896","1":"product","2":"type-product","3":"status-publish","4":"has-post-thumbnail","6":"product_cat-apartamenty-dla-rodzin","7":"product_cat-apartamenty","8":"product_cat-apartamenty-z-widokiem-na-morze","10":"first","11":"instock","12":"sold-individually","13":"shipping-taxable","14":"purchasable","15":"product-type-phive_booking"},"acf":[],"_links":{"self":[{"href":"https:\/\/murter-online.com\/pl\/wp-json\/wp\/v2\/product\/52896","targetHints":{"allow":["GET"]}}],"collection":[{"href":"https:\/\/murter-online.com\/pl\/wp-json\/wp\/v2\/product"}],"about":[{"href":"https:\/\/murter-online.com\/pl\/wp-json\/wp\/v2\/types\/product"}],"wp:featuredmedia":[{"embeddable":true,"href":"https:\/\/murter-online.com\/pl\/wp-json\/wp\/v2\/media\/46812"}],"wp:attachment":[{"href":"https:\/\/murter-online.com\/pl\/wp-json\/wp\/v2\/media?parent=52896"}],"wp:term":[{"taxonomy":"product_brand","embeddable":true,"href":"https:\/\/murter-online.com\/pl\/wp-json\/wp\/v2\/product_brand?post=52896"},{"taxonomy":"product_cat","embeddable":true,"href":"https:\/\/murter-online.com\/pl\/wp-json\/wp\/v2\/product_cat?post=52896"},{"taxonomy":"product_tag","embeddable":true,"href":"https:\/\/murter-online.com\/pl\/wp-json\/wp\/v2\/product_tag?post=52896"}],"curies":[{"name":"wp","href":"https:\/\/api.w.org\/{rel}","templated":true}]}}