{"id":52901,"date":"2025-01-12T10:36:21","date_gmt":"2025-01-12T10:36:21","guid":{"rendered":"https:\/\/murter.riot.hr\/?post_type=product&#038;p=52901"},"modified":"2025-04-19T19:32:16","modified_gmt":"2025-04-19T18:32:16","slug":"appartamento-murter-nuovo-con-posto-barca-a4-id-262","status":"publish","type":"product","link":"https:\/\/murter-online.com\/pl\/produkt\/appartamento-murter-nuovo-con-posto-barca-a4-id-262\/","title":{"rendered":"Apartamenty z miejscem do cumowania \u0142odzi New Murter A4 ID 262"},"content":{"rendered":"","protected":false},"excerpt":{"rendered":"<div align=\"center\">\n<div class=\"max_width\" align=\"left\">\n<div>\n<div>Nowo wyremontowane mieszkanie w \u015bwietnej lokalizacji na Murterze! Apartament posiada dwie sypialnie, w kt\u00f3rych mog\u0105 spa\u0107 4 osoby doros\u0142e. Kuchnia jest w pe\u0142ni wyposa\u017cona. Apartament znajduje si\u0119 blisko morza i posiada mo\u017cliwo\u015b\u0107 przycumowania \u0142\u00f3dki, kt\u00f3ra jest dodatkowo p\u0142atna. Apartament wyposa\u017cony jest w TV, klimatyzacj\u0119, internet Wi-Fi, zmywark\u0119. Pod mieszkaniem w gara\u017cu znajduje si\u0119 pralka, z kt\u00f3rej mo\u017cna korzysta\u0107 bezp\u0142atnie. Na parkingu przed apartamentem znajduje si\u0119 specjalny obiekt z grillem, z kt\u00f3rego mo\u017cna korzysta\u0107 bezp\u0142atnie. Parking znajduje si\u0119 przed apartamentem.<\/div>\n<\/div>\n<\/div>\n<\/div>\n<div align=\"center\"><\/div>\n","protected":false},"featured_media":46984,"template":"","meta":{"_acf_changed":false},"product_brand":[],"product_cat":[153,131,154],"product_tag":[],"class_list":{"0":"post-52901","1":"product","2":"type-product","3":"status-publish","4":"has-post-thumbnail","6":"product_cat-apartamenty-dla-rodzin","7":"product_cat-apartamenty","8":"product_cat-apartamenty-z-miejscem-do-cumowania-lodzi","10":"first","11":"instock","12":"sold-individually","13":"shipping-taxable","14":"purchasable","15":"product-type-phive_booking"},"acf":[],"_links":{"self":[{"href":"https:\/\/murter-online.com\/pl\/wp-json\/wp\/v2\/product\/52901","targetHints":{"allow":["GET"]}}],"collection":[{"href":"https:\/\/murter-online.com\/pl\/wp-json\/wp\/v2\/product"}],"about":[{"href":"https:\/\/murter-online.com\/pl\/wp-json\/wp\/v2\/types\/product"}],"wp:featuredmedia":[{"embeddable":true,"href":"https:\/\/murter-online.com\/pl\/wp-json\/wp\/v2\/media\/46984"}],"wp:attachment":[{"href":"https:\/\/murter-online.com\/pl\/wp-json\/wp\/v2\/media?parent=52901"}],"wp:term":[{"taxonomy":"product_brand","embeddable":true,"href":"https:\/\/murter-online.com\/pl\/wp-json\/wp\/v2\/product_brand?post=52901"},{"taxonomy":"product_cat","embeddable":true,"href":"https:\/\/murter-online.com\/pl\/wp-json\/wp\/v2\/product_cat?post=52901"},{"taxonomy":"product_tag","embeddable":true,"href":"https:\/\/murter-online.com\/pl\/wp-json\/wp\/v2\/product_tag?post=52901"}],"curies":[{"name":"wp","href":"https:\/\/api.w.org\/{rel}","templated":true}]}}