{"id":52913,"date":"2025-01-12T10:45:50","date_gmt":"2025-01-12T10:45:50","guid":{"rendered":"https:\/\/murter.riot.hr\/?post_type=product&#038;p=52913"},"modified":"2025-04-14T10:48:31","modified_gmt":"2025-04-14T09:48:31","slug":"apartament-murter-podraduc-sunset-a21-id-37","status":"publish","type":"product","link":"https:\/\/murter-online.com\/pl\/produkt\/apartament-murter-podraduc-sunset-a21-id-37\/","title":{"rendered":"Apartament wakacyjny z widokiem na morze Podradu\u010d Sunset MurterA2+1 ID 37"},"content":{"rendered":"","protected":false},"excerpt":{"rendered":"<p>Pi\u0119kny, niedawno odnowiony apartament z jedn\u0105 sypialni\u0105 w doskona\u0142ej lokalizacji w Murter. Apartament znajduje si\u0119 przy ulicy Podradu\u010d, 80 metr\u00f3w od morza i 150 metr\u00f3w od piaszczystej pla\u017cy Slanica. Mieszkanie znajduje si\u0119 na pierwszym pi\u0119trze i posiada 1 sypialni\u0119, w kt\u00f3rej mog\u0105 nocowa\u0107 2 osoby doros\u0142e. W salonie znajduje si\u0119 dodatkowe \u0142\u00f3\u017cko, kt\u00f3re mo\u017cna wykorzysta\u0107 do spania. Mieszkanie posiada klimatyzacj\u0119, bezp\u0142atny bezprzewodowy dost\u0119p do Internetu, lod\u00f3wk\u0119, kuchenk\u0119 i czajnik. Kuchnia jest w pe\u0142ni wyposa\u017cona. Z tarasu roztacza si\u0119 pi\u0119kny widok na morze. Go\u015bcie apartamentu maj\u0105 do dyspozycji bezp\u0142atne miejsce parkingowe. Na tarasie znajduje si\u0119 grill, z kt\u00f3rego mo\u017cna korzysta\u0107 bezp\u0142atnie.<\/p>\n","protected":false},"featured_media":47228,"template":"","meta":{"_acf_changed":false},"product_brand":[],"product_cat":[153,131,151],"product_tag":[],"class_list":{"0":"post-52913","1":"product","2":"type-product","3":"status-publish","4":"has-post-thumbnail","6":"product_cat-apartamenty-dla-rodzin","7":"product_cat-apartamenty","8":"product_cat-apartamenty-z-widokiem-na-morze","10":"first","11":"instock","12":"sold-individually","13":"shipping-taxable","14":"purchasable","15":"product-type-phive_booking"},"acf":[],"_links":{"self":[{"href":"https:\/\/murter-online.com\/pl\/wp-json\/wp\/v2\/product\/52913","targetHints":{"allow":["GET"]}}],"collection":[{"href":"https:\/\/murter-online.com\/pl\/wp-json\/wp\/v2\/product"}],"about":[{"href":"https:\/\/murter-online.com\/pl\/wp-json\/wp\/v2\/types\/product"}],"wp:featuredmedia":[{"embeddable":true,"href":"https:\/\/murter-online.com\/pl\/wp-json\/wp\/v2\/media\/47228"}],"wp:attachment":[{"href":"https:\/\/murter-online.com\/pl\/wp-json\/wp\/v2\/media?parent=52913"}],"wp:term":[{"taxonomy":"product_brand","embeddable":true,"href":"https:\/\/murter-online.com\/pl\/wp-json\/wp\/v2\/product_brand?post=52913"},{"taxonomy":"product_cat","embeddable":true,"href":"https:\/\/murter-online.com\/pl\/wp-json\/wp\/v2\/product_cat?post=52913"},{"taxonomy":"product_tag","embeddable":true,"href":"https:\/\/murter-online.com\/pl\/wp-json\/wp\/v2\/product_tag?post=52913"}],"curies":[{"name":"wp","href":"https:\/\/api.w.org\/{rel}","templated":true}]}}