{"id":52917,"date":"2025-01-12T10:53:11","date_gmt":"2025-01-12T10:53:11","guid":{"rendered":"https:\/\/murter.riot.hr\/?post_type=product&#038;p=52917"},"modified":"2025-04-26T11:32:24","modified_gmt":"2025-04-26T10:32:24","slug":"apartament-murter-podvrske-a41-id-282","status":"publish","type":"product","link":"https:\/\/murter-online.com\/pl\/produkt\/apartament-murter-podvrske-a41-id-282\/","title":{"rendered":"Apartament wakacyjny dla rodziny Podvr\u0161ke Murter A4+1 ID 282"},"content":{"rendered":"","protected":false},"excerpt":{"rendered":"<p>Apartament posiada dwie sypialnie, w kt\u00f3rych mog\u0105 spa\u0107 4 osoby doros\u0142e.Apartament znajduje si\u0119 w doskona\u0142ej lokalizacji, bardzo blisko piaszczystej pla\u017cy Podvr\u0161ke i lokalnej pla\u017cy Luke. Apartament znajduje si\u0119 na parterze domu. W salonie znajduje si\u0119 dodatkowe \u0142\u00f3\u017cko (sofa), kt\u00f3re mo\u017cna wykorzysta\u0107 do spania. Przed apartamentem du\u017cy taras z ogr\u00f3dkiem. Apartament posiada zmywark\u0119, klimatyzacj\u0119, internet Wi-Fi, kuchnia jest w pe\u0142ni wyposa\u017cona. Przed domem znajduje si\u0119 bezp\u0142atny parking.<\/p>\n","protected":false},"featured_media":47376,"template":"","meta":{"_acf_changed":false},"product_brand":[],"product_cat":[153,131],"product_tag":[],"class_list":{"0":"post-52917","1":"product","2":"type-product","3":"status-publish","4":"has-post-thumbnail","6":"product_cat-apartamenty-dla-rodzin","7":"product_cat-apartamenty","9":"first","10":"instock","11":"sold-individually","12":"shipping-taxable","13":"purchasable","14":"product-type-phive_booking"},"acf":[],"_links":{"self":[{"href":"https:\/\/murter-online.com\/pl\/wp-json\/wp\/v2\/product\/52917","targetHints":{"allow":["GET"]}}],"collection":[{"href":"https:\/\/murter-online.com\/pl\/wp-json\/wp\/v2\/product"}],"about":[{"href":"https:\/\/murter-online.com\/pl\/wp-json\/wp\/v2\/types\/product"}],"wp:featuredmedia":[{"embeddable":true,"href":"https:\/\/murter-online.com\/pl\/wp-json\/wp\/v2\/media\/47376"}],"wp:attachment":[{"href":"https:\/\/murter-online.com\/pl\/wp-json\/wp\/v2\/media?parent=52917"}],"wp:term":[{"taxonomy":"product_brand","embeddable":true,"href":"https:\/\/murter-online.com\/pl\/wp-json\/wp\/v2\/product_brand?post=52917"},{"taxonomy":"product_cat","embeddable":true,"href":"https:\/\/murter-online.com\/pl\/wp-json\/wp\/v2\/product_cat?post=52917"},{"taxonomy":"product_tag","embeddable":true,"href":"https:\/\/murter-online.com\/pl\/wp-json\/wp\/v2\/product_tag?post=52917"}],"curies":[{"name":"wp","href":"https:\/\/api.w.org\/{rel}","templated":true}]}}