{"id":52921,"date":"2025-01-12T10:56:02","date_gmt":"2025-01-12T10:56:02","guid":{"rendered":"https:\/\/murter.riot.hr\/?post_type=product&#038;p=52921"},"modified":"2025-04-26T11:45:56","modified_gmt":"2025-04-26T10:45:56","slug":"apartament-murter-podvrske-a6-id-52","status":"publish","type":"product","link":"https:\/\/murter-online.com\/pl\/produkt\/apartament-murter-podvrske-a6-id-52\/","title":{"rendered":"Apartament wakacyjny dla rodziny Murter Podvr\u0161ke A6 ID 52"},"content":{"rendered":"","protected":false},"excerpt":{"rendered":"<p>Mieszkanie z dwiema sypialniami w doskona\u0142ej lokalizacji w Murter! Tylko 200 metr\u00f3w od lokalnej pla\u017cy Luke i 350 metr\u00f3w od piaszczystej pla\u017cy Podvr\u0161ke. Mieszkanie posiada dwie sypialnie, w kt\u00f3rych mo\u017ce spa\u0107 6 os\u00f3b doros\u0142ych. Mieszkanie posiada klimatyzacj\u0119, WiFi, ekspres do kawy, kuchnia jest w pe\u0142ni wyposa\u017cona. Mieszkanie znajduje si\u0119 na parterze. Przed apartamentem znajduje si\u0119 taras z grillem, z kt\u00f3rego mo\u017cna korzysta\u0107 bezp\u0142atnie.<\/p>\n","protected":false},"featured_media":47508,"template":"","meta":{"_acf_changed":false},"product_brand":[],"product_cat":[153,131],"product_tag":[],"class_list":{"0":"post-52921","1":"product","2":"type-product","3":"status-publish","4":"has-post-thumbnail","6":"product_cat-apartamenty-dla-rodzin","7":"product_cat-apartamenty","9":"first","10":"instock","11":"sold-individually","12":"shipping-taxable","13":"purchasable","14":"product-type-phive_booking"},"acf":[],"_links":{"self":[{"href":"https:\/\/murter-online.com\/pl\/wp-json\/wp\/v2\/product\/52921","targetHints":{"allow":["GET"]}}],"collection":[{"href":"https:\/\/murter-online.com\/pl\/wp-json\/wp\/v2\/product"}],"about":[{"href":"https:\/\/murter-online.com\/pl\/wp-json\/wp\/v2\/types\/product"}],"wp:featuredmedia":[{"embeddable":true,"href":"https:\/\/murter-online.com\/pl\/wp-json\/wp\/v2\/media\/47508"}],"wp:attachment":[{"href":"https:\/\/murter-online.com\/pl\/wp-json\/wp\/v2\/media?parent=52921"}],"wp:term":[{"taxonomy":"product_brand","embeddable":true,"href":"https:\/\/murter-online.com\/pl\/wp-json\/wp\/v2\/product_brand?post=52921"},{"taxonomy":"product_cat","embeddable":true,"href":"https:\/\/murter-online.com\/pl\/wp-json\/wp\/v2\/product_cat?post=52921"},{"taxonomy":"product_tag","embeddable":true,"href":"https:\/\/murter-online.com\/pl\/wp-json\/wp\/v2\/product_tag?post=52921"}],"curies":[{"name":"wp","href":"https:\/\/api.w.org\/{rel}","templated":true}]}}