{"id":52949,"date":"2025-01-12T11:11:48","date_gmt":"2025-01-12T11:11:48","guid":{"rendered":"https:\/\/murter.riot.hr\/?post_type=product&#038;p=52949"},"modified":"2025-04-19T18:37:33","modified_gmt":"2025-04-19T17:37:33","slug":"apartament-murter-z-basenem-kosirina-a4-id-45","status":"publish","type":"product","link":"https:\/\/murter-online.com\/pl\/produkt\/apartament-murter-z-basenem-kosirina-a4-id-45\/","title":{"rendered":"Apartament z basenem Kosirina Murter A4 ID 45"},"content":{"rendered":"","protected":false},"excerpt":{"rendered":"<p>Apartament Kosirina znajduje si\u0119 na pierwszym pi\u0119trze, sk\u0142ada si\u0119 z dw\u00f3ch sypialni, nowoczesnej kuchni i pi\u0119knego salonu, wszystko w zielonym tonie z pi\u0119knym widokiem na morze. Apartament wyposa\u017cony jest w klimatyzacj\u0119, bezp\u0142atne WiFi i telewizj\u0119 satelitarn\u0105 Po\u015bciel, r\u0119czniki i sprz\u0105tanie ko\u0144cowe s\u0105 wliczone w cen\u0119.<\/p>\n","protected":false},"featured_media":47916,"template":"","meta":{"_acf_changed":false},"product_brand":[],"product_cat":[152],"product_tag":[],"class_list":{"0":"post-52949","1":"product","2":"type-product","3":"status-publish","4":"has-post-thumbnail","6":"product_cat-apartamenty-z-basenem","8":"first","9":"instock","10":"sold-individually","11":"shipping-taxable","12":"purchasable","13":"product-type-phive_booking"},"acf":[],"_links":{"self":[{"href":"https:\/\/murter-online.com\/pl\/wp-json\/wp\/v2\/product\/52949","targetHints":{"allow":["GET"]}}],"collection":[{"href":"https:\/\/murter-online.com\/pl\/wp-json\/wp\/v2\/product"}],"about":[{"href":"https:\/\/murter-online.com\/pl\/wp-json\/wp\/v2\/types\/product"}],"wp:featuredmedia":[{"embeddable":true,"href":"https:\/\/murter-online.com\/pl\/wp-json\/wp\/v2\/media\/47916"}],"wp:attachment":[{"href":"https:\/\/murter-online.com\/pl\/wp-json\/wp\/v2\/media?parent=52949"}],"wp:term":[{"taxonomy":"product_brand","embeddable":true,"href":"https:\/\/murter-online.com\/pl\/wp-json\/wp\/v2\/product_brand?post=52949"},{"taxonomy":"product_cat","embeddable":true,"href":"https:\/\/murter-online.com\/pl\/wp-json\/wp\/v2\/product_cat?post=52949"},{"taxonomy":"product_tag","embeddable":true,"href":"https:\/\/murter-online.com\/pl\/wp-json\/wp\/v2\/product_tag?post=52949"}],"curies":[{"name":"wp","href":"https:\/\/api.w.org\/{rel}","templated":true}]}}