{"id":52959,"date":"2025-01-12T11:15:52","date_gmt":"2025-01-12T11:15:52","guid":{"rendered":"https:\/\/murter.riot.hr\/?post_type=product&#038;p=52959"},"modified":"2025-01-31T10:34:41","modified_gmt":"2025-01-31T10:34:41","slug":"apartament-murter-jersane-z-miejscem-do-cumowania-lodzi-a41-id-39","status":"publish","type":"product","link":"https:\/\/murter-online.com\/pl\/produkt\/apartament-murter-jersane-z-miejscem-do-cumowania-lodzi-a41-id-39\/","title":{"rendered":"Apartament Murter-Jersane z miejscem do cumowania \u0142odzi A4+1 ID 39"},"content":{"rendered":"","protected":false},"excerpt":{"rendered":"<p>Projektowanie wn\u0119trz: Salon kuchenny, Liczba dodatkowych \u0142\u00f3\u017cek w salonie: 1, Liczba sypialni z podw\u00f3jnym \u0142\u00f3\u017ckiem: 1, Liczba sypialni z dwoma pojedynczymi \u0142\u00f3\u017ckami :: 1, Liczba \u0142azienek z prysznicem i toalet\u0105: 1, Powierzchnia tarasu: 8 m2 Wyposa\u017cenie jednostek zakwaterowania: Klimatyzacja, telewizja satelitarna, bez pralki, Lod\u00f3wka, kuchenka, telewizor, ogrzewanie, Internet, grill, Pozycja i wygl\u0105d zewn\u0119trzny kwatery: Widok na jezioro, Wsp\u00f3lne wej\u015bcie, 1. pi\u0119tro, Zwierz\u0119ta domowe niedozwolone, palenie dozwolone, Wliczone w cen\u0119: Cotygodniowa zmiana po\u015bcieli, r\u0119czniki, przybory kuchenne i kuchenne, zu\u017cycie pr\u0105du, wody i gazu, przybory do czyszczenia, papier toaletowy (po przyje\u017adzie), sprz\u0105tanie ko\u0144cowe.<\/p>\n","protected":false},"featured_media":48008,"template":"","meta":{"_acf_changed":false},"product_brand":[],"product_cat":[153,131,154,151],"product_tag":[],"class_list":{"0":"post-52959","1":"product","2":"type-product","3":"status-publish","4":"has-post-thumbnail","6":"product_cat-apartamenty-dla-rodzin","7":"product_cat-apartamenty","8":"product_cat-apartamenty-z-miejscem-do-cumowania-lodzi","9":"product_cat-apartamenty-z-widokiem-na-morze","11":"first","12":"instock","13":"sold-individually","14":"shipping-taxable","15":"purchasable","16":"product-type-phive_booking"},"acf":[],"_links":{"self":[{"href":"https:\/\/murter-online.com\/pl\/wp-json\/wp\/v2\/product\/52959","targetHints":{"allow":["GET"]}}],"collection":[{"href":"https:\/\/murter-online.com\/pl\/wp-json\/wp\/v2\/product"}],"about":[{"href":"https:\/\/murter-online.com\/pl\/wp-json\/wp\/v2\/types\/product"}],"wp:featuredmedia":[{"embeddable":true,"href":"https:\/\/murter-online.com\/pl\/wp-json\/wp\/v2\/media\/48008"}],"wp:attachment":[{"href":"https:\/\/murter-online.com\/pl\/wp-json\/wp\/v2\/media?parent=52959"}],"wp:term":[{"taxonomy":"product_brand","embeddable":true,"href":"https:\/\/murter-online.com\/pl\/wp-json\/wp\/v2\/product_brand?post=52959"},{"taxonomy":"product_cat","embeddable":true,"href":"https:\/\/murter-online.com\/pl\/wp-json\/wp\/v2\/product_cat?post=52959"},{"taxonomy":"product_tag","embeddable":true,"href":"https:\/\/murter-online.com\/pl\/wp-json\/wp\/v2\/product_tag?post=52959"}],"curies":[{"name":"wp","href":"https:\/\/api.w.org\/{rel}","templated":true}]}}