{"id":52967,"date":"2025-01-12T11:26:19","date_gmt":"2025-01-12T11:26:19","guid":{"rendered":"https:\/\/murter.riot.hr\/?post_type=product&#038;p=52967"},"modified":"2025-04-19T18:31:39","modified_gmt":"2025-04-19T17:31:39","slug":"apartament-murter-z-basenem-cigrada-a4-id-44","status":"publish","type":"product","link":"https:\/\/murter-online.com\/pl\/produkt\/apartament-murter-z-basenem-cigrada-a4-id-44\/","title":{"rendered":"Apartament z basenem \u010cigra\u0111a Murter A4 ID 44"},"content":{"rendered":"","protected":false},"excerpt":{"rendered":"<p>Apartament \u010cigra\u0111a znajduje si\u0119 na pierwszym pi\u0119trze, sk\u0142ada si\u0119 z dw\u00f3ch sypialni, nowoczesnej kuchni z jadalni\u0105 i \u0142azienki. Na przyjemnym przestronnym balkonie b\u0119dziesz cieszy\u0107 si\u0119 pi\u0119knym widokiem, prze\u017cy\u0107 niezapomniany zach\u00f3d s\u0142o\u0144ca lub narodziny nowego dnia. Apartament wyposa\u017cony jest w klimatyzacj\u0119, telewizj\u0119 satelitarn\u0105 i bezp\u0142atne WiFi Po\u015bciel, r\u0119czniki i sprz\u0105tanie ko\u0144cowe s\u0105 wliczone w cen\u0119<\/p>\n","protected":false},"featured_media":48104,"template":"","meta":{"_acf_changed":false},"product_brand":[],"product_cat":[152],"product_tag":[],"class_list":{"0":"post-52967","1":"product","2":"type-product","3":"status-publish","4":"has-post-thumbnail","6":"product_cat-apartamenty-z-basenem","8":"first","9":"instock","10":"sold-individually","11":"shipping-taxable","12":"purchasable","13":"product-type-phive_booking"},"acf":[],"_links":{"self":[{"href":"https:\/\/murter-online.com\/pl\/wp-json\/wp\/v2\/product\/52967","targetHints":{"allow":["GET"]}}],"collection":[{"href":"https:\/\/murter-online.com\/pl\/wp-json\/wp\/v2\/product"}],"about":[{"href":"https:\/\/murter-online.com\/pl\/wp-json\/wp\/v2\/types\/product"}],"wp:featuredmedia":[{"embeddable":true,"href":"https:\/\/murter-online.com\/pl\/wp-json\/wp\/v2\/media\/48104"}],"wp:attachment":[{"href":"https:\/\/murter-online.com\/pl\/wp-json\/wp\/v2\/media?parent=52967"}],"wp:term":[{"taxonomy":"product_brand","embeddable":true,"href":"https:\/\/murter-online.com\/pl\/wp-json\/wp\/v2\/product_brand?post=52967"},{"taxonomy":"product_cat","embeddable":true,"href":"https:\/\/murter-online.com\/pl\/wp-json\/wp\/v2\/product_cat?post=52967"},{"taxonomy":"product_tag","embeddable":true,"href":"https:\/\/murter-online.com\/pl\/wp-json\/wp\/v2\/product_tag?post=52967"}],"curies":[{"name":"wp","href":"https:\/\/api.w.org\/{rel}","templated":true}]}}