{"id":52976,"date":"2025-01-12T11:32:48","date_gmt":"2025-01-12T11:32:48","guid":{"rendered":"https:\/\/murter.riot.hr\/?post_type=product&#038;p=52976"},"modified":"2025-04-19T18:48:47","modified_gmt":"2025-04-19T17:48:47","slug":"apartament-murter-z-basenem-podvrske-a41-id-43","status":"publish","type":"product","link":"https:\/\/murter-online.com\/pl\/produkt\/apartament-murter-z-basenem-podvrske-a41-id-43\/","title":{"rendered":"Apartament z basenem Podvr\u0161ke Murter A4+1 ID 43"},"content":{"rendered":"","protected":false},"excerpt":{"rendered":"<p>Nowocze\u015bnie urz\u0105dzony apartament o powierzchni 64 m2, na parterze willi Kos. Apartament mo\u017ce wygodnie pomie\u015bci\u0107 do 5 os\u00f3b. Znajduje si\u0119 w spokojnej okolicy Mieszkanie jest wyposa\u017cone w WiFi, czajnik, ekspres do kawy, mikrofalow\u0105 telewizj\u0119 satelitarn\u0105. Po\u015bciel, r\u0119czniki i sprz\u0105tanie ko\u0144cowe s\u0105 wliczone w cen\u0119.<\/p>\n","protected":false},"featured_media":48204,"template":"","meta":{"_acf_changed":false},"product_brand":[],"product_cat":[152],"product_tag":[],"class_list":{"0":"post-52976","1":"product","2":"type-product","3":"status-publish","4":"has-post-thumbnail","6":"product_cat-apartamenty-z-basenem","8":"first","9":"instock","10":"sold-individually","11":"shipping-taxable","12":"purchasable","13":"product-type-phive_booking"},"acf":[],"_links":{"self":[{"href":"https:\/\/murter-online.com\/pl\/wp-json\/wp\/v2\/product\/52976","targetHints":{"allow":["GET"]}}],"collection":[{"href":"https:\/\/murter-online.com\/pl\/wp-json\/wp\/v2\/product"}],"about":[{"href":"https:\/\/murter-online.com\/pl\/wp-json\/wp\/v2\/types\/product"}],"wp:featuredmedia":[{"embeddable":true,"href":"https:\/\/murter-online.com\/pl\/wp-json\/wp\/v2\/media\/48204"}],"wp:attachment":[{"href":"https:\/\/murter-online.com\/pl\/wp-json\/wp\/v2\/media?parent=52976"}],"wp:term":[{"taxonomy":"product_brand","embeddable":true,"href":"https:\/\/murter-online.com\/pl\/wp-json\/wp\/v2\/product_brand?post=52976"},{"taxonomy":"product_cat","embeddable":true,"href":"https:\/\/murter-online.com\/pl\/wp-json\/wp\/v2\/product_cat?post=52976"},{"taxonomy":"product_tag","embeddable":true,"href":"https:\/\/murter-online.com\/pl\/wp-json\/wp\/v2\/product_tag?post=52976"}],"curies":[{"name":"wp","href":"https:\/\/api.w.org\/{rel}","templated":true}]}}