{"id":52982,"date":"2025-01-09T17:54:46","date_gmt":"2025-01-09T17:54:46","guid":{"rendered":"https:\/\/murter.riot.hr\/?post_type=product&#038;p=52982"},"modified":"2025-04-19T18:53:13","modified_gmt":"2025-04-19T17:53:13","slug":"apartament-murter-z-basenem-sw-nikola-a4-id-48","status":"publish","type":"product","link":"https:\/\/murter-online.com\/pl\/produkt\/apartament-murter-z-basenem-sw-nikola-a4-id-48\/","title":{"rendered":"Apartament z basenem \u015aw. Nikola Murter A4 ID 48"},"content":{"rendered":"","protected":false},"excerpt":{"rendered":"<p>Apartament Sv. Nikola znajduje si\u0119 na drugim pi\u0119trze, ma dwie sypialnie, nowoczesn\u0105 kuchni\u0119 i salon z balkonem i widokiem na morze. Jest urz\u0105dzony w ciemniejszych odcieniach, z ciekawymi kutymi \u017celaznymi \u0142\u00f3\u017ckami. Apartament z dwiema sypialniami. Wygodny dla 4 os\u00f3b. Widok panoramiczny, 55 m2. Apartament wyposa\u017cony jest w klimatyzacj\u0119, bezp\u0142atny bezprzewodowy dost\u0119p do Internetu i telewizj\u0119 satelitarn\u0105 Po\u015bciel, r\u0119czniki i sprz\u0105tanie ko\u0144cowe s\u0105 wliczone w cen\u0119.<\/p>\n","protected":false},"featured_media":40081,"template":"","meta":{"_acf_changed":false},"product_brand":[],"product_cat":[152],"product_tag":[],"class_list":{"0":"post-52982","1":"product","2":"type-product","3":"status-publish","4":"has-post-thumbnail","6":"product_cat-apartamenty-z-basenem","8":"first","9":"instock","10":"sold-individually","11":"shipping-taxable","12":"purchasable","13":"product-type-phive_booking"},"acf":[],"_links":{"self":[{"href":"https:\/\/murter-online.com\/pl\/wp-json\/wp\/v2\/product\/52982","targetHints":{"allow":["GET"]}}],"collection":[{"href":"https:\/\/murter-online.com\/pl\/wp-json\/wp\/v2\/product"}],"about":[{"href":"https:\/\/murter-online.com\/pl\/wp-json\/wp\/v2\/types\/product"}],"wp:featuredmedia":[{"embeddable":true,"href":"https:\/\/murter-online.com\/pl\/wp-json\/wp\/v2\/media\/40081"}],"wp:attachment":[{"href":"https:\/\/murter-online.com\/pl\/wp-json\/wp\/v2\/media?parent=52982"}],"wp:term":[{"taxonomy":"product_brand","embeddable":true,"href":"https:\/\/murter-online.com\/pl\/wp-json\/wp\/v2\/product_brand?post=52982"},{"taxonomy":"product_cat","embeddable":true,"href":"https:\/\/murter-online.com\/pl\/wp-json\/wp\/v2\/product_cat?post=52982"},{"taxonomy":"product_tag","embeddable":true,"href":"https:\/\/murter-online.com\/pl\/wp-json\/wp\/v2\/product_tag?post=52982"}],"curies":[{"name":"wp","href":"https:\/\/api.w.org\/{rel}","templated":true}]}}