{"id":52988,"date":"2025-01-09T18:22:47","date_gmt":"2025-01-09T18:22:47","guid":{"rendered":"https:\/\/murter.riot.hr\/?post_type=product&#038;p=52988"},"modified":"2025-05-01T13:07:30","modified_gmt":"2025-05-01T12:07:30","slug":"apartament-przy-plazy-slanica-a41-id-280","status":"publish","type":"product","link":"https:\/\/murter-online.com\/pl\/produkt\/apartament-przy-plazy-slanica-a41-id-280\/","title":{"rendered":"Apartament wakacyjny dla rodziny przy pla\u017cy Slanica Josipa Murter A4+1 ID 280"},"content":{"rendered":"","protected":false},"excerpt":{"rendered":"<p>Apartament z dwiema sypialniami i dwiema \u0142azienkami znajduje si\u0119 zaledwie 300 metr\u00f3w od piaszczystej pla\u017cy Slanica. Mieszkanie znajduje si\u0119 na parterze. W dw\u00f3ch sypialniach na podw\u00f3jnych \u0142\u00f3\u017ckach mog\u0105 spa\u0107 4 osoby doros\u0142e, w salonie znajduje si\u0119 dodatkowe \u0142\u00f3\u017cko (kanapa), kt\u00f3re mo\u017cna wykorzysta\u0107 do spania.Jedna sypialnia jest oddzielona od apartamentu i nie jest wyposa\u017cona w klimatyzacj\u0119. Mieszkanie posiada pralk\u0119, klimatyzacj\u0119, WiFi-internet, kuchenk\u0119 mikrofalow\u0105, du\u017c\u0105 zamra\u017cark\u0119. Kuchnia jest w pe\u0142ni wyposa\u017cona. Apartament posiada teren zewn\u0119trzny z grillem, z kt\u00f3rego mo\u017cna korzysta\u0107 bezp\u0142atnie. Apartament posiada prywatny taras przed apartamentem oraz balkon, na kt\u00f3ry mo\u017cna wyj\u015b\u0107 z pokoju. Przed apartamentem znajduje si\u0119 bezp\u0142atny parking.<\/p>\n","protected":false},"featured_media":40129,"template":"","meta":{"_acf_changed":false},"product_brand":[],"product_cat":[153,131],"product_tag":[],"class_list":{"0":"post-52988","1":"product","2":"type-product","3":"status-publish","4":"has-post-thumbnail","6":"product_cat-apartamenty-dla-rodzin","7":"product_cat-apartamenty","9":"first","10":"instock","11":"sold-individually","12":"shipping-taxable","13":"purchasable","14":"product-type-phive_booking"},"acf":[],"_links":{"self":[{"href":"https:\/\/murter-online.com\/pl\/wp-json\/wp\/v2\/product\/52988","targetHints":{"allow":["GET"]}}],"collection":[{"href":"https:\/\/murter-online.com\/pl\/wp-json\/wp\/v2\/product"}],"about":[{"href":"https:\/\/murter-online.com\/pl\/wp-json\/wp\/v2\/types\/product"}],"wp:featuredmedia":[{"embeddable":true,"href":"https:\/\/murter-online.com\/pl\/wp-json\/wp\/v2\/media\/40129"}],"wp:attachment":[{"href":"https:\/\/murter-online.com\/pl\/wp-json\/wp\/v2\/media?parent=52988"}],"wp:term":[{"taxonomy":"product_brand","embeddable":true,"href":"https:\/\/murter-online.com\/pl\/wp-json\/wp\/v2\/product_brand?post=52988"},{"taxonomy":"product_cat","embeddable":true,"href":"https:\/\/murter-online.com\/pl\/wp-json\/wp\/v2\/product_cat?post=52988"},{"taxonomy":"product_tag","embeddable":true,"href":"https:\/\/murter-online.com\/pl\/wp-json\/wp\/v2\/product_tag?post=52988"}],"curies":[{"name":"wp","href":"https:\/\/api.w.org\/{rel}","templated":true}]}}