{"id":52992,"date":"2025-01-09T18:38:46","date_gmt":"2025-01-09T18:38:46","guid":{"rendered":"https:\/\/murter.riot.hr\/?post_type=product&#038;p=52992"},"modified":"2025-04-17T07:22:21","modified_gmt":"2025-04-17T06:22:21","slug":"apartament-blisko-plazy-w-betinie-a4-1-id-253","status":"publish","type":"product","link":"https:\/\/murter-online.com\/pl\/produkt\/apartament-blisko-plazy-w-betinie-a4-1-id-253\/","title":{"rendered":"Apartament wakacyjny blisko pla\u017cy w Betinie &#8211; wyspa Murter A4 + 1 ID 253"},"content":{"rendered":"","protected":false},"excerpt":{"rendered":"<p>Dwupokojowe mieszkanie na dw\u00f3ch pi\u0119trach w Betinie. Mieszkanie posiada dwie sypialnie, kuchni\u0119, salon oraz \u0142azienk\u0119 z pralk\u0105. Znajduje si\u0119 w pobli\u017cu pla\u017cy odpowiedniej dla ma\u0142ych dzieci. Mieszkanie posiada dwa tarasy i jednopokojowy balkon. Z g\u00f3rnego balkonu rozci\u0105ga si\u0119 pi\u0119kny widok na Betin\u0119. Apartament posiada klimatyzacj\u0119 oraz bezprzewodowy internet. Parking jest bezp\u0142atny i znajduje si\u0119 przed apartamentem.<\/p>\n","protected":false},"featured_media":40836,"template":"","meta":{"_acf_changed":false},"product_brand":[],"product_cat":[131,151],"product_tag":[],"class_list":{"0":"post-52992","1":"product","2":"type-product","3":"status-publish","4":"has-post-thumbnail","6":"product_cat-apartamenty","7":"product_cat-apartamenty-z-widokiem-na-morze","9":"first","10":"instock","11":"sold-individually","12":"shipping-taxable","13":"purchasable","14":"product-type-phive_booking"},"acf":[],"_links":{"self":[{"href":"https:\/\/murter-online.com\/pl\/wp-json\/wp\/v2\/product\/52992","targetHints":{"allow":["GET"]}}],"collection":[{"href":"https:\/\/murter-online.com\/pl\/wp-json\/wp\/v2\/product"}],"about":[{"href":"https:\/\/murter-online.com\/pl\/wp-json\/wp\/v2\/types\/product"}],"wp:featuredmedia":[{"embeddable":true,"href":"https:\/\/murter-online.com\/pl\/wp-json\/wp\/v2\/media\/40836"}],"wp:attachment":[{"href":"https:\/\/murter-online.com\/pl\/wp-json\/wp\/v2\/media?parent=52992"}],"wp:term":[{"taxonomy":"product_brand","embeddable":true,"href":"https:\/\/murter-online.com\/pl\/wp-json\/wp\/v2\/product_brand?post=52992"},{"taxonomy":"product_cat","embeddable":true,"href":"https:\/\/murter-online.com\/pl\/wp-json\/wp\/v2\/product_cat?post=52992"},{"taxonomy":"product_tag","embeddable":true,"href":"https:\/\/murter-online.com\/pl\/wp-json\/wp\/v2\/product_tag?post=52992"}],"curies":[{"name":"wp","href":"https:\/\/api.w.org\/{rel}","templated":true}]}}