{"id":53007,"date":"2025-01-09T20:39:16","date_gmt":"2025-01-09T19:39:16","guid":{"rendered":"https:\/\/murter.riot.hr\/?post_type=product&#038;p=53007"},"modified":"2025-09-30T16:28:51","modified_gmt":"2025-09-30T15:28:51","slug":"apartament-blisko-plazy-w-murter-a4-id-250","status":"publish","type":"product","link":"https:\/\/murter-online.com\/pl\/produkt\/apartament-blisko-plazy-w-murter-a4-id-250\/","title":{"rendered":"Apartament wakacyjny dla 4 os\u00f3b blisko pla\u017cy Slanica w Murter A4 ID 250"},"content":{"rendered":"","protected":false},"excerpt":{"rendered":"<p>Apartament dla 4 os\u00f3b znajduje si\u0119 na pierwszym pi\u0119trze. Apartament posiada klimatyzacj\u0119, WiFi, pralk\u0119 oraz w pe\u0142ni wyposa\u017con\u0105 kuchni\u0119. Posiada dwie sypialnie, w kt\u00f3rych mog\u0105 spa\u0107 4 osoby doros\u0142e. Mieszkanie znajduje si\u0119 w doskona\u0142ej lokalizacji, pomi\u0119dzy pla\u017c\u0105 Slanica a lokaln\u0105 pla\u017c\u0105 \u0141ukasza. Okolica mieszkania jest cicha, a parking znajduje si\u0119 na podw\u00f3rku przed apartamentem.<span class=\"Y2IQFc\" lang=\"pl\">Op\u0142ata za sprz\u0105tanie wynosi 50 euro.<\/span><\/p>\n","protected":false},"featured_media":41220,"template":"","meta":{"_acf_changed":false},"product_brand":[],"product_cat":[153,131,151],"product_tag":[],"class_list":{"0":"post-53007","1":"product","2":"type-product","3":"status-publish","4":"has-post-thumbnail","6":"product_cat-apartamenty-dla-rodzin","7":"product_cat-apartamenty","8":"product_cat-apartamenty-z-widokiem-na-morze","10":"first","11":"instock","12":"sold-individually","13":"shipping-taxable","14":"purchasable","15":"product-type-phive_booking"},"acf":[],"_links":{"self":[{"href":"https:\/\/murter-online.com\/pl\/wp-json\/wp\/v2\/product\/53007","targetHints":{"allow":["GET"]}}],"collection":[{"href":"https:\/\/murter-online.com\/pl\/wp-json\/wp\/v2\/product"}],"about":[{"href":"https:\/\/murter-online.com\/pl\/wp-json\/wp\/v2\/types\/product"}],"wp:featuredmedia":[{"embeddable":true,"href":"https:\/\/murter-online.com\/pl\/wp-json\/wp\/v2\/media\/41220"}],"wp:attachment":[{"href":"https:\/\/murter-online.com\/pl\/wp-json\/wp\/v2\/media?parent=53007"}],"wp:term":[{"taxonomy":"product_brand","embeddable":true,"href":"https:\/\/murter-online.com\/pl\/wp-json\/wp\/v2\/product_brand?post=53007"},{"taxonomy":"product_cat","embeddable":true,"href":"https:\/\/murter-online.com\/pl\/wp-json\/wp\/v2\/product_cat?post=53007"},{"taxonomy":"product_tag","embeddable":true,"href":"https:\/\/murter-online.com\/pl\/wp-json\/wp\/v2\/product_tag?post=53007"}],"curies":[{"name":"wp","href":"https:\/\/api.w.org\/{rel}","templated":true}]}}