{"id":53018,"date":"2025-01-09T21:46:27","date_gmt":"2025-01-09T21:46:27","guid":{"rendered":"https:\/\/murter.riot.hr\/?post_type=product&#038;p=53018"},"modified":"2025-02-01T07:37:19","modified_gmt":"2025-02-01T07:37:19","slug":"apartament-przy-plazy-podvrske-a41-id-278","status":"publish","type":"product","link":"https:\/\/murter-online.com\/pl\/produkt\/apartament-przy-plazy-podvrske-a41-id-278\/","title":{"rendered":"Apartament przy pla\u017cy Podvr\u0161ke A4+1 ID 278"},"content":{"rendered":"","protected":false},"excerpt":{"rendered":"<p>Apartament po\u0142o\u017cone w \u015bwietnej lokalizacji na Murterze! W pobli\u017cu tego apartamentu znajduj\u0105 si\u0119 dwie s\u0142ynne pla\u017ce, lokalna pla\u017ca Luke oraz piaszczysto-\u017cwirowa pla\u017ca Podvr\u0161ke. Apartament po\u0142o\u017cone jest w spokojnej i cichej okolicy. Wielko\u015b\u0107 mieszkania to 60 metr\u00f3w kwadratowych + taras 20 metr\u00f3w kwadratowych. Go\u015bcie zatrzymuj\u0105cy si\u0119 w apartamencie mog\u0105 korzysta\u0107 ze wsp\u00f3lnego tarasu o powierzchni 72 m2 z le\u017cakami i grillem gazowym. Mieszkanie ma dwie sypialnie, w kt\u00f3rych mog\u0105 spa\u0107 4 osoby doros\u0142e, jest dodatkowe \u0142\u00f3\u017cko (sofa), w pokoju dziennym mo\u017ce spa\u0107 jedno dziecko. Apartament posiada Smart TV, TV SAT, WiFi &#8211; internet, klimatyzacj\u0119, czajnik, \u015bredni\u0105 lod\u00f3wk\u0119 z zamra\u017cark\u0105, kuchenk\u0119. W mieszkaniu jest pralka. Wsp\u00f3lny taras oferuje pi\u0119kny widok na morze i archipelag Murter. Parking znajduje si\u0119 przed domem i jest wliczony w cen\u0119 mieszkania.<\/p>\n","protected":false},"featured_media":42040,"template":"","meta":{"_acf_changed":false},"product_brand":[],"product_cat":[153,131],"product_tag":[],"class_list":{"0":"post-53018","1":"product","2":"type-product","3":"status-publish","4":"has-post-thumbnail","6":"product_cat-apartamenty-dla-rodzin","7":"product_cat-apartamenty","9":"first","10":"instock","11":"sold-individually","12":"shipping-taxable","13":"purchasable","14":"product-type-phive_booking"},"acf":[],"_links":{"self":[{"href":"https:\/\/murter-online.com\/pl\/wp-json\/wp\/v2\/product\/53018","targetHints":{"allow":["GET"]}}],"collection":[{"href":"https:\/\/murter-online.com\/pl\/wp-json\/wp\/v2\/product"}],"about":[{"href":"https:\/\/murter-online.com\/pl\/wp-json\/wp\/v2\/types\/product"}],"wp:featuredmedia":[{"embeddable":true,"href":"https:\/\/murter-online.com\/pl\/wp-json\/wp\/v2\/media\/42040"}],"wp:attachment":[{"href":"https:\/\/murter-online.com\/pl\/wp-json\/wp\/v2\/media?parent=53018"}],"wp:term":[{"taxonomy":"product_brand","embeddable":true,"href":"https:\/\/murter-online.com\/pl\/wp-json\/wp\/v2\/product_brand?post=53018"},{"taxonomy":"product_cat","embeddable":true,"href":"https:\/\/murter-online.com\/pl\/wp-json\/wp\/v2\/product_cat?post=53018"},{"taxonomy":"product_tag","embeddable":true,"href":"https:\/\/murter-online.com\/pl\/wp-json\/wp\/v2\/product_tag?post=53018"}],"curies":[{"name":"wp","href":"https:\/\/api.w.org\/{rel}","templated":true}]}}