{"id":53022,"date":"2025-01-10T08:15:48","date_gmt":"2025-01-10T08:15:48","guid":{"rendered":"https:\/\/murter.riot.hr\/?post_type=product&#038;p=53022"},"modified":"2025-04-17T07:36:39","modified_gmt":"2025-04-17T06:36:39","slug":"mieszkanie-nowe-w-betina-z-miejscem-do-cumowania-lodzi-a41","status":"publish","type":"product","link":"https:\/\/murter-online.com\/pl\/produkt\/mieszkanie-nowe-w-betina-z-miejscem-do-cumowania-lodzi-a41\/","title":{"rendered":"Apartamenty z miejscem do cumowania \u0142odzi Plitka Vala Betina A4+1"},"content":{"rendered":"","protected":false},"excerpt":{"rendered":"<p>Pi\u0119knie urz\u0105dzony apartament o nowoczesnym wystroju, w kt\u00f3rym z pewno\u015bci\u0105 poczujesz si\u0119 komfortowo. Znajduje si\u0119 zaledwie 100 metr\u00f3w od kamienistej pla\u017cy i 500 metr\u00f3w od centrum Betina. Jednostka mieszkalna posiada bezprzewodowy dost\u0119p do Internetu, telewizj\u0119 satelitarn\u0105, dwie jednostki klimatyzacyjne, w pe\u0142ni wyposa\u017con\u0105 kuchni\u0119 z jadalni\u0105, \u0142azienk\u0119 i toalet\u0119 oraz balkony z widokiem na morze. Go\u015bcie mog\u0105 tak\u017ce korzysta\u0107 ze wsp\u00f3lnego sprz\u0119tu do grillowania. W pobli\u017cu apartamentu dost\u0119pna jest tak\u017ce przysta\u0144 dla \u0142odzi na boi. \u0141\u00f3\u017cko jest wliczone w cen\u0119 apartamentu.<\/p>\n","protected":false},"featured_media":42588,"template":"","meta":{"_acf_changed":false},"product_brand":[],"product_cat":[153,131,154,151],"product_tag":[],"class_list":{"0":"post-53022","1":"product","2":"type-product","3":"status-publish","4":"has-post-thumbnail","6":"product_cat-apartamenty-dla-rodzin","7":"product_cat-apartamenty","8":"product_cat-apartamenty-z-miejscem-do-cumowania-lodzi","9":"product_cat-apartamenty-z-widokiem-na-morze","11":"first","12":"instock","13":"sold-individually","14":"shipping-taxable","15":"purchasable","16":"product-type-phive_booking"},"acf":[],"_links":{"self":[{"href":"https:\/\/murter-online.com\/pl\/wp-json\/wp\/v2\/product\/53022","targetHints":{"allow":["GET"]}}],"collection":[{"href":"https:\/\/murter-online.com\/pl\/wp-json\/wp\/v2\/product"}],"about":[{"href":"https:\/\/murter-online.com\/pl\/wp-json\/wp\/v2\/types\/product"}],"wp:featuredmedia":[{"embeddable":true,"href":"https:\/\/murter-online.com\/pl\/wp-json\/wp\/v2\/media\/42588"}],"wp:attachment":[{"href":"https:\/\/murter-online.com\/pl\/wp-json\/wp\/v2\/media?parent=53022"}],"wp:term":[{"taxonomy":"product_brand","embeddable":true,"href":"https:\/\/murter-online.com\/pl\/wp-json\/wp\/v2\/product_brand?post=53022"},{"taxonomy":"product_cat","embeddable":true,"href":"https:\/\/murter-online.com\/pl\/wp-json\/wp\/v2\/product_cat?post=53022"},{"taxonomy":"product_tag","embeddable":true,"href":"https:\/\/murter-online.com\/pl\/wp-json\/wp\/v2\/product_tag?post=53022"}],"curies":[{"name":"wp","href":"https:\/\/api.w.org\/{rel}","templated":true}]}}