{"id":53028,"date":"2025-01-10T08:54:16","date_gmt":"2025-01-10T08:54:16","guid":{"rendered":"https:\/\/murter.riot.hr\/?post_type=product&#038;p=53028"},"modified":"2025-04-17T07:42:21","modified_gmt":"2025-04-17T06:42:21","slug":"apartament-na-plazy-w-murterze-a42-id-296","status":"publish","type":"product","link":"https:\/\/murter-online.com\/pl\/produkt\/apartament-na-plazy-w-murterze-a42-id-296\/","title":{"rendered":"Apartament wakacyjny przy pla\u017cy Luke &#8211; wyspa Murter  A4+2 ID 296"},"content":{"rendered":"","protected":false},"excerpt":{"rendered":"<p>Apartament znajduje si\u0119 zaledwie 70 metr\u00f3w od pla\u017cy miejskiej \u0141ukasza. Pla\u017ca jest \u017cwirowa, betonowa i piaszczysta. Apartament posiada du\u017cy taras, cz\u0119\u015b\u0107 tarasu ma widok na morze. Jest to maks. 10-15 minut (pieszo) daleko od piaszczystej pla\u017cy Podvr\u0161ke i piaszczystej pla\u017cy Slanica. Odleg\u0142o\u015b\u0107 od centrum wynosi 7-10 minut. Apartament posiada dwie sypialnie, w kt\u00f3rych mog\u0105 nocowa\u0107 4 osoby doros\u0142e. Apartament posiada du\u017ce dodatkowe \u0142\u00f3\u017cko (sof\u0119) w salonie, na kt\u00f3rym mog\u0105 spa\u0107 2 osoby. Kuchnia jest w pe\u0142ni wyposa\u017cona. W apartamencie znajduje si\u0119 du\u017ca lod\u00f3wka, telewizja satelitarna, bezp\u0142atne WiFi. Do apartamentu przynale\u017cy bezp\u0142atny parking przed domem. Przed domem znajduje si\u0119 grill, z kt\u00f3rego mo\u017cna korzysta\u0107 bezp\u0142atnie.<\/p>\n","protected":false},"featured_media":42668,"template":"","meta":{"_acf_changed":false},"product_brand":[],"product_cat":[153,131,151],"product_tag":[],"class_list":{"0":"post-53028","1":"product","2":"type-product","3":"status-publish","4":"has-post-thumbnail","6":"product_cat-apartamenty-dla-rodzin","7":"product_cat-apartamenty","8":"product_cat-apartamenty-z-widokiem-na-morze","10":"first","11":"instock","12":"sold-individually","13":"shipping-taxable","14":"purchasable","15":"product-type-phive_booking"},"acf":[],"_links":{"self":[{"href":"https:\/\/murter-online.com\/pl\/wp-json\/wp\/v2\/product\/53028","targetHints":{"allow":["GET"]}}],"collection":[{"href":"https:\/\/murter-online.com\/pl\/wp-json\/wp\/v2\/product"}],"about":[{"href":"https:\/\/murter-online.com\/pl\/wp-json\/wp\/v2\/types\/product"}],"wp:featuredmedia":[{"embeddable":true,"href":"https:\/\/murter-online.com\/pl\/wp-json\/wp\/v2\/media\/42668"}],"wp:attachment":[{"href":"https:\/\/murter-online.com\/pl\/wp-json\/wp\/v2\/media?parent=53028"}],"wp:term":[{"taxonomy":"product_brand","embeddable":true,"href":"https:\/\/murter-online.com\/pl\/wp-json\/wp\/v2\/product_brand?post=53028"},{"taxonomy":"product_cat","embeddable":true,"href":"https:\/\/murter-online.com\/pl\/wp-json\/wp\/v2\/product_cat?post=53028"},{"taxonomy":"product_tag","embeddable":true,"href":"https:\/\/murter-online.com\/pl\/wp-json\/wp\/v2\/product_tag?post=53028"}],"curies":[{"name":"wp","href":"https:\/\/api.w.org\/{rel}","templated":true}]}}