{"id":53035,"date":"2025-01-10T09:13:13","date_gmt":"2025-01-10T09:13:13","guid":{"rendered":"https:\/\/murter.riot.hr\/?post_type=product&#038;p=53035"},"modified":"2025-02-01T07:53:51","modified_gmt":"2025-02-01T07:53:51","slug":"apartament-przy-plazy-slanica-a42-id-284","status":"publish","type":"product","link":"https:\/\/murter-online.com\/pl\/produkt\/apartament-przy-plazy-slanica-a42-id-284\/","title":{"rendered":"Apartament przy pla\u017cy Slanica A4+2 ID 284"},"content":{"rendered":"","protected":false},"excerpt":{"rendered":"<p>Apartament dla maks. 4+2 osoby znajduje si\u0119 bezpo\u015brednio przy pla\u017cy Slanica. Apartament posiada dwie sypialnie, w kt\u00f3rych mog\u0105 spa\u0107 4 osoby doros\u0142e. Apartament posiada du\u017cy salon z kanap\u0105, kt\u00f3ra mo\u017ce s\u0142u\u017cy\u0107 do spania. Apartament posiada TV, WiFi, zmywark\u0119, piekarnik, zamra\u017cark\u0119 i lod\u00f3wk\u0119, maszyn\u0119 do lodu.. Kuchnia jest w pe\u0142ni wyposa\u017cona i oddzielona od salonu. Z jadalni jest wyj\u015bcie na balkon. Apartament posiada widok na morze. Apartament posiada bezp\u0142atny parking.<\/p>\n","protected":false},"featured_media":42824,"template":"","meta":{"_acf_changed":false},"product_brand":[],"product_cat":[153,131,151],"product_tag":[],"class_list":{"0":"post-53035","1":"product","2":"type-product","3":"status-publish","4":"has-post-thumbnail","6":"product_cat-apartamenty-dla-rodzin","7":"product_cat-apartamenty","8":"product_cat-apartamenty-z-widokiem-na-morze","10":"first","11":"instock","12":"sold-individually","13":"shipping-taxable","14":"purchasable","15":"product-type-phive_booking"},"acf":[],"_links":{"self":[{"href":"https:\/\/murter-online.com\/pl\/wp-json\/wp\/v2\/product\/53035","targetHints":{"allow":["GET"]}}],"collection":[{"href":"https:\/\/murter-online.com\/pl\/wp-json\/wp\/v2\/product"}],"about":[{"href":"https:\/\/murter-online.com\/pl\/wp-json\/wp\/v2\/types\/product"}],"wp:featuredmedia":[{"embeddable":true,"href":"https:\/\/murter-online.com\/pl\/wp-json\/wp\/v2\/media\/42824"}],"wp:attachment":[{"href":"https:\/\/murter-online.com\/pl\/wp-json\/wp\/v2\/media?parent=53035"}],"wp:term":[{"taxonomy":"product_brand","embeddable":true,"href":"https:\/\/murter-online.com\/pl\/wp-json\/wp\/v2\/product_brand?post=53035"},{"taxonomy":"product_cat","embeddable":true,"href":"https:\/\/murter-online.com\/pl\/wp-json\/wp\/v2\/product_cat?post=53035"},{"taxonomy":"product_tag","embeddable":true,"href":"https:\/\/murter-online.com\/pl\/wp-json\/wp\/v2\/product_tag?post=53035"}],"curies":[{"name":"wp","href":"https:\/\/api.w.org\/{rel}","templated":true}]}}